{"id":1264,"date":"2021-05-10T10:39:55","date_gmt":"2021-05-10T16:39:55","guid":{"rendered":"https:\/\/www.labofine.com\/?page_id=1264"},"modified":"2021-05-21T11:45:12","modified_gmt":"2021-05-21T17:45:12","slug":"spf-testing","status":"publish","type":"page","link":"https:\/\/www.labofine.com\/fr\/spf-testing\/","title":{"rendered":"TESTS DE FPS ET D'\u00c9CRAN SOLAIRE"},"content":{"rendered":"<h1>\n\t\tChangeable Supportive Title\n\t<\/h1>\n<h1>\n\t\tTrouvez des tests SPF pr\u00e9cis et de haute qualit\u00e9 pour les \u00e9crans solaires au Canada\n\t<\/h1>\n\t\t\t<a href=\"https:\/\/www.labofine.com\/fr\/contact\/\" target=\"_self\" role=\"button\" rel=\"noopener noreferrer\">\n\t\t\t\t\t\t\tCommencez d\u00e8s aujourd'hui\n\t\t\t\t\t<\/a>\n\t<p>Lorsque vous achetez un \u00e9cran solaire sur le march\u00e9, vous voulez \u00eatre s\u00fbr qu'il a le FPS qu'il pr\u00e9tend avoir et qu'il peut vraiment vous prot\u00e9ger du soleil. Chez Labofine, nous proposons des tests SPF pour vous aider \u00e0 tester de nouvelles formulations de cr\u00e8mes solaires ou de produits afin de vous assurer que le SPF est conforme aux normes et offre des propri\u00e9t\u00e9s protectrices.<\/p>\n<p>Our team of well-trained, experienced professionals uses the highest quality procedures and equipment to accurately test and analyze the SPF levels in new products. If you&#8217;re in need of SPF testing, reach out to our analytical laboratory in Canada today!<\/p>\n\t\t\t\t<img loading=\"lazy\" decoding=\"async\" src=\"https:\/\/www.labofine.com\/wp-content\/uploads\/2021\/05\/intext-1-1.png\" alt=\"intext 1\" itemprop=\"image\" height=\"400\" width=\"400\" title=\"intext 1\" onerror=\"this.style.display='none'\"  \/>\n\t<h2>QU'EST-CE QUE LE SPF?<\/h2>\n\t<p>Sun protection factor, otherwise known as SPF, is a quantitative measurement of the effectiveness of a sunscreen formulation. Sunscreens work by absorbing, deactivating, degrading, and reflecting the sun&#8217;s rays so that they don&#8217;t cause damage to your skin.<\/p>\n<p>Afin d'\u00eatre efficace dans la pr\u00e9vention des coups de soleil et d'autres types de dommages cutan\u00e9s, chaque produit de protection solaire doit avoir une plage d'absorption comprise entre \n290 et 400 nm. Le FPS d'un produit de protection solaire aide \u00e0 d\u00e9terminer la dur\u00e9e th\u00e9orique pendant laquelle une personne pourrait \u00eatre expos\u00e9e au soleil avant que sa peau ne subisse un coup de soleil ou d'autres types de dommages caus\u00e9s par le soleil. Par exemple, un produit avec un FPS de 30 permettrait \u00e0 une personne de rester au soleil environ 30 fois plus longtemps qu'elle ne le pourrait sans utiliser le produit. Cependant, pour pouvoir faire cette affirmation, les \u00e9crans solaires et les niveaux de FPS doivent d'abord \u00eatre test\u00e9s par des professionnels.<\/p>\n\t<h2>TESTS SPF SUP\u00c9RIEURS CHEZ LABOFINE<\/h2>\n\t<p>L'\u00e9quipe de Labofine propose des tests rapides de d\u00e9termination du FPS pour aider \u00e0 tester les niveaux de FPS dans les cr\u00e8mes solaires et autres produits de protection. Si votre \u00e9quipe \nde R&amp;D d\u00e9veloppe de nouvelles formulations qui n\u00e9cessitent des tests pour v\u00e9rifier les solutions, comptez sur Labofine pour vous aider ! Notre \u00e9quipe est hautement qualifi\u00e9e et exp\u00e9riment\u00e9e dans les tests SPF et l'analyse des r\u00e9sultats. Nous pouvons vous aider \u00e0 d\u00e9velopper un produit solide tout en minimisant les tracas et les d\u00e9penses qui accompagnent le processus d'essais et d'erreurs<\/p>\n\t\t\t\t<img loading=\"lazy\" decoding=\"async\" src=\"https:\/\/www.labofine.com\/wp-content\/uploads\/2021\/05\/intext-2-1.png\" alt=\"intext 2\" itemprop=\"image\" height=\"400\" width=\"400\" title=\"intext 2\" onerror=\"this.style.display='none'\"  \/>\n\t\t\t\t<img loading=\"lazy\" decoding=\"async\" src=\"https:\/\/www.labofine.com\/wp-content\/uploads\/2021\/05\/intext-3.png\" alt=\"intext 3\" itemprop=\"image\" height=\"400\" width=\"400\" title=\"intext 3\" onerror=\"this.style.display='none'\"  \/>\n\t<h2>ACTIFS<\/h2>\n\t<p>Labofine teste une large gamme d'ingr\u00e9dients dans les cr\u00e8mes solaires et autres produits, \nnotamment:<\/p>\n<ul>\n<li>L'avobenzone<\/li>\n<li>Parsol 1789<\/li>\n<li>Acide salicylique<\/li>\n<li>Les Octisalates<\/li>\n<li>L'octocryl\u00e8ne<\/li>\n<li>M\u00e9thoxycinnamate d'octyle\/octinoxate<\/li>\n<li>Oxyde de titane<\/li>\n<li>Oxyde de zinc<\/li>\n<li>Facteur SPF<\/li>\n<\/ul>\n<p>We offer SPF Packages &#8211; if you test for five or more compounds, we can offer discount pricing. The method we use is USP testing. Reach out to our team at Labofine to learn more or to schedule an appointment today!<\/p>\n\t<h2>TESTS SPF \u00c0 LA POINTE DE L'INDUSTRIE<\/h2>\n\t<p>Chez Labofine, nous allons au-del\u00e0 des attentes pour vous aider \u00e0 garantir la s\u00e9curit\u00e9, l'efficacit\u00e9 et la fiabilit\u00e9 de vos produits de protection solaire. Nous utilisons des m\u00e9thodes de test et des \u00e9quipements de la plus haute qualit\u00e9 disponibles pour tester et analyser les niveaux de FPS, ainsi que d'autres ingr\u00e9dients pr\u00e9sents dans les produits de protection solaire.<\/p>\n<p>Contactez-nous d\u00e8s aujourd'hui pour en savoir plus sur nos options de tests analytiques ou pour prendre rendez-vous avec nous.<\/p>\n\t<h2>Contactez-nous aujourd'hui<\/h2>\n<script type=\"text\/javascript\">var gform;gform||(document.addEventListener(\"gform_main_scripts_loaded\",function(){gform.scriptsLoaded=!0}),window.addEventListener(\"DOMContentLoaded\",function(){gform.domLoaded=!0}),gform={domLoaded:!1,scriptsLoaded:!1,initializeOnLoaded:function(o){gform.domLoaded&&gform.scriptsLoaded?o():!gform.domLoaded&&gform.scriptsLoaded?window.addEventListener(\"DOMContentLoaded\",o):document.addEventListener(\"gform_main_scripts_loaded\",o)},hooks:{action:{},filter:{}},addAction:function(o,n,r,t){gform.addHook(\"action\",o,n,r,t)},addFilter:function(o,n,r,t){gform.addHook(\"filter\",o,n,r,t)},doAction:function(o){gform.doHook(\"action\",o,arguments)},applyFilters:function(o){return gform.doHook(\"filter\",o,arguments)},removeAction:function(o,n){gform.removeHook(\"action\",o,n)},removeFilter:function(o,n,r){gform.removeHook(\"filter\",o,n,r)},addHook:function(o,n,r,t,i){null==gform.hooks[o][n]&&(gform.hooks[o][n]=[]);var e=gform.hooks[o][n];null==i&&(i=n+\"_\"+e.length),gform.hooks[o][n].push({tag:i,callable:r,priority:t=null==t?10:t})},doHook:function(n,o,r){var t;if(r=Array.prototype.slice.call(r,1),null!=gform.hooks[n][o]&&((o=gform.hooks[n][o]).sort(function(o,n){return o.priority-n.priority}),o.forEach(function(o){\"function\"!=typeof(t=o.callable)&&(t=window[t]),\"action\"==n?t.apply(null,r):r[0]=t.apply(null,r)})),\"filter\"==n)return r[0]},removeHook:function(o,n,t,i){var r;null!=gform.hooks[o][n]&&(r=(r=gform.hooks[o][n]).filter(function(o,n,r){return!!(null!=i&&i!=o.tag||null!=t&&t!=o.priority)}),gform.hooks[o][n]=r)}});<\/script>\n                <div class='gf_browser_gecko gform_wrapper gform_legacy_markup_wrapper gform-theme--no-framework' data-form-theme='legacy' data-form-index='0' id='gform_wrapper_1' style='display:none'><form method='post' enctype='multipart\/form-data'  id='gform_1'  action='\/fr\/wp-json\/wp\/v2\/pages\/1264' data-formid='1' novalidate data-trp-original-action=\"\/fr\/wp-json\/wp\/v2\/pages\/1264\">\n                        <div class='gform-body gform_body'><ul id='gform_fields_1' class='gform_fields top_label form_sublabel_below description_below validation_below'><li id=\"field_1_1\" class=\"gfield gfield--type-name gfield--input-type-name field_sublabel_below gfield--no-description field_description_below field_validation_below gfield_visibility_visible\"  data-js-reload=\"field_1_1\" ><label class='gfield_label gform-field-label gfield_label_before_complex' >Nom<\/label><div class='ginput_complex ginput_container ginput_container--name no_prefix has_first_name no_middle_name has_last_name no_suffix gf_name_has_2 ginput_container_name gform-grid-row' id='input_1_1'>\n                            \n                            <span id='input_1_1_3_container' class='name_first gform-grid-col gform-grid-col--size-auto' >\n                                                    <input type='text' name='input_1.3' id='input_1_1_3' value=''   aria-required='false'     \/>\n                                                    <label for='input_1_1_3' class='gform-field-label gform-field-label--type-sub'>First<\/label>\n                                                <\/span>\n                            \n                            <span id='input_1_1_6_container' class='name_last gform-grid-col gform-grid-col--size-auto' >\n                                                    <input type='text' name='input_1.6' id='input_1_1_6' value=''   aria-required='false'     \/>\n                                                    <label for='input_1_1_6' class='gform-field-label gform-field-label--type-sub'>Last<\/label>\n                                                <\/span>\n                            \n                        <\/div><\/li><li id=\"field_1_2\" class=\"gfield gfield--type-email gfield--input-type-email gf_left_half field_sublabel_below gfield--no-description field_description_below field_validation_below gfield_visibility_visible\"  data-js-reload=\"field_1_2\" ><label class='gfield_label gform-field-label' for='input_1_2'>Email<\/label><div class='ginput_container ginput_container_email'>\n                            <input name='input_2' id='input_1_2' type='email' value='' class='medium'     aria-invalid=\"false\"  \/>\n                        <\/div><\/li><li id=\"field_1_3\" class=\"gfield gfield--type-phone gfield--input-type-phone gf_right_half field_sublabel_below gfield--no-description field_description_below field_validation_below gfield_visibility_visible\"  data-js-reload=\"field_1_3\" ><label class='gfield_label gform-field-label' for='input_1_3'>T\u00e9l\u00e9phone<\/label><div class='ginput_container ginput_container_phone'><input name='input_3' id='input_1_3' type='tel' value='' class='medium'    aria-invalid=\"false\"   \/><\/div><\/li><li id=\"field_1_5\" class=\"gfield gfield--type-text gfield--input-type-text field_sublabel_below gfield--no-description field_description_below field_validation_below gfield_visibility_visible\"  data-js-reload=\"field_1_5\" ><label class='gfield_label gform-field-label' for='input_1_5'>Company<\/label><div class='ginput_container ginput_container_text'><input name='input_5' id='input_1_5' type='text' value='' class='medium'      aria-invalid=\"false\"   \/> <\/div><\/li><li id=\"field_1_4\" class=\"gfield gfield--type-textarea gfield--input-type-textarea field_sublabel_below gfield--no-description field_description_below field_validation_below gfield_visibility_visible\"  data-js-reload=\"field_1_4\" ><label class='gfield_label gform-field-label' for='input_1_4'>Questions ou commentaires<\/label><div class='ginput_container ginput_container_textarea'><textarea name='input_4' id='input_1_4' class='textarea medium'      aria-invalid=\"false\"   rows='10' cols='50'><\/textarea><\/div><\/li><li id=\"field_1_6\" class=\"gfield gfield--type-honeypot gform_validation_container field_sublabel_below gfield--has-description field_description_below field_validation_below gfield_visibility_visible\"  data-js-reload=\"field_1_6\" ><label class='gfield_label gform-field-label' for='input_1_6'>T\u00e9l\u00e9phone<\/label><div class='ginput_container'><input name='input_6' id='input_1_6' type='text' value='' autocomplete='new-password'\/><\/div><div class='gfield_description' id='gfield_description_1_6'>Ce champ n\u2019est utilis\u00e9 qu\u2019\u00e0 des fins de validation et devrait rester inchang\u00e9.<\/div><\/li><\/ul><\/div>\n        <div class='gform_footer top_label'> <input type='submit' id='gform_submit_button_1' class='gform_button button' value='Download My Free Guide'  onclick='if(window[\"gf_submitting_1\"]){return false;}  if( !jQuery(\"#gform_1\")[0].checkValidity || jQuery(\"#gform_1\")[0].checkValidity()){window[\"gf_submitting_1\"]=true;}  ' onkeypress='if( event.keyCode == 13 ){ if(window[\"gf_submitting_1\"]){return false;} if( !jQuery(\"#gform_1\")[0].checkValidity || jQuery(\"#gform_1\")[0].checkValidity()){window[\"gf_submitting_1\"]=true;}  jQuery(\"#gform_1\").trigger(\"submit\",[true]); }' \/> \n            <input type='hidden' class='gform_hidden' name='is_submit_1' value='1' \/>\n            <input type='hidden' class='gform_hidden' name='gform_submit' value='1' \/>\n            \n            <input type='hidden' class='gform_hidden' name='gform_unique_id' value='' \/>\n            <input type='hidden' class='gform_hidden' name='state_1' value='WyJbXSIsIjEzMjg3YjIwYmI0OGQzMDQ3NjFhMTk5ZjgzODVmZmI5Il0=' \/>\n            <input type='hidden' class='gform_hidden' name='gform_target_page_number_1' id='gform_target_page_number_1' value='0' \/>\n            <input type='hidden' class='gform_hidden' name='gform_source_page_number_1' id='gform_source_page_number_1' value='1' \/>\n            <input type='hidden' name='gform_field_values' value='' \/>\n            \n        <\/div>\n                        <input type=\"hidden\" name=\"trp-form-language\" value=\"fr\"\/><\/form>\n                        <\/div><script>\ngform.initializeOnLoaded( function() {gformInitSpinner( 1, 'https:\/\/www.labofine.com\/wp-content\/plugins\/gravityforms\/images\/spinner.svg', true );jQuery('#gform_ajax_frame_1').on('load',function(){var contents = jQuery(this).contents().find('*').html();var is_postback = contents.indexOf('GF_AJAX_POSTBACK') >= 0;if(!is_postback){return;}var form_content = jQuery(this).contents().find('#gform_wrapper_1');var is_confirmation = jQuery(this).contents().find('#gform_confirmation_wrapper_1').length > 0;var is_redirect = contents.indexOf('gformRedirect(){') >= 0;var is_form = form_content.length > 0 && ! is_redirect && ! is_confirmation;var mt = parseInt(jQuery('html').css('margin-top'), 10) + parseInt(jQuery('body').css('margin-top'), 10) + 100;if(is_form){form_content.find('form').css('opacity', 0);jQuery('#gform_wrapper_1').html(form_content.html());if(form_content.hasClass('gform_validation_error')){jQuery('#gform_wrapper_1').addClass('gform_validation_error');} else {jQuery('#gform_wrapper_1').removeClass('gform_validation_error');}setTimeout( function() { \/* delay the scroll by 50 milliseconds to fix a bug in chrome *\/  }, 50 );if(window['gformInitDatepicker']) {gformInitDatepicker();}if(window['gformInitPriceFields']) {gformInitPriceFields();}var current_page = jQuery('#gform_source_page_number_1').val();gformInitSpinner( 1, 'https:\/\/www.labofine.com\/wp-content\/plugins\/gravityforms\/images\/spinner.svg', true );jQuery(document).trigger('gform_page_loaded', [1, current_page]);window['gf_submitting_1'] = false;}else if(!is_redirect){var confirmation_content = jQuery(this).contents().find('.GF_AJAX_POSTBACK').html();if(!confirmation_content){confirmation_content = contents;}jQuery('#gform_wrapper_1').replaceWith(confirmation_content);jQuery(document).trigger('gform_confirmation_loaded', [1]);window['gf_submitting_1'] = false;wp.a11y.speak(jQuery('#gform_confirmation_message_1').text());}else{jQuery('#gform_1').append(contents);if(window['gformRedirect']) {gformRedirect();}}jQuery(document).trigger(\"gform_pre_post_render\", [{ formId: \"1\", currentPage: \"current_page\", abort: function() { this.preventDefault(); } }]);                if (event.defaultPrevented) {                return;         }        const gformWrapperDiv = document.getElementById( \"gform_wrapper_1\" );        if ( gformWrapperDiv ) {            const visibilitySpan = document.createElement( \"span\" );            visibilitySpan.id = \"gform_visibility_test_1\";            gformWrapperDiv.insertAdjacentElement( \"afterend\", visibilitySpan );        }        const visibilityTestDiv = document.getElementById( \"gform_visibility_test_1\" );        let postRenderFired = false;                function triggerPostRender() {            if ( postRenderFired ) {                return;            }            postRenderFired = true;            jQuery( document ).trigger( 'gform_post_render', [1, current_page] );            gform.utils.trigger( { event: 'gform\/postRender', native: false, data: { formId: 1, currentPage: current_page } } );            if ( visibilityTestDiv ) {                visibilityTestDiv.parentNode.removeChild( visibilityTestDiv );            }        }        function debounce( func, wait, immediate ) {            var timeout;            return function() {                var context = this, args = arguments;                var later = function() {                    timeout = null;                    if ( !immediate ) func.apply( context, args );                };                var callNow = immediate && !timeout;                clearTimeout( timeout );                timeout = setTimeout( later, wait );                if ( callNow ) func.apply( context, args );            };        }        const debouncedTriggerPostRender = debounce( function() {            triggerPostRender();        }, 200 );        if ( visibilityTestDiv && visibilityTestDiv.offsetParent === null ) {            const observer = new MutationObserver( ( mutations ) => {                mutations.forEach( ( mutation ) => {                    if ( mutation.type === 'attributes' && visibilityTestDiv.offsetParent !== null ) {                        debouncedTriggerPostRender();                        observer.disconnect();                    }                });            });            observer.observe( document.body, {                attributes: true,                childList: false,                subtree: true,                attributeFilter: [ 'style', 'class' ],            });        } else {            triggerPostRender();        }    } );} );\n<\/script>","protected":false},"excerpt":{"rendered":"<p>Changeable Supportive Title Find Accurate, High-Quality SPF Testing for Sunscreens in Canada Get Started Today When you pick up a sunscreen off the shelf, you want to feel confident that it has the SPF it claims to, and that it can truly protect you from the harsh sun. At Labofine, we offer SPF testing to&hellip;<\/p>","protected":false},"author":12,"featured_media":0,"parent":0,"menu_order":0,"comment_status":"closed","ping_status":"closed","template":"","meta":{"footnotes":""},"yoast_head":"<!-- This site is optimized with the Yoast SEO plugin v22.7 - https:\/\/yoast.com\/wordpress\/plugins\/seo\/ -->\n<title>SPF Testing - Discover Superior SPF Testing For Products In Pointe-Claire Today<\/title>\n<meta name=\"description\" content=\"If you\u2019re in need of high-quality SPF testing, look no further than Labofine. We offer a range of analytical testing in Pointe-Claire. Get started today!\" \/>\n<meta name=\"robots\" content=\"index, follow, max-snippet:-1, max-image-preview:large, max-video-preview:-1\" \/>\n<link rel=\"canonical\" href=\"https:\/\/www.labofine.com\/fr\/blog\/spf-testing\/\" \/>\n<meta property=\"og:locale\" content=\"fr_CA\" \/>\n<meta property=\"og:type\" content=\"article\" \/>\n<meta property=\"og:title\" content=\"SPF Testing - Discover Superior SPF Testing For Products In Pointe-Claire Today\" \/>\n<meta property=\"og:description\" content=\"If you\u2019re in need of high-quality SPF testing, look no further than Labofine. We offer a range of analytical testing in Pointe-Claire. Get started today!\" \/>\n<meta property=\"og:url\" content=\"https:\/\/www.labofine.com\/fr\/blog\/spf-testing\/\" \/>\n<meta property=\"og:site_name\" content=\"Labofine\" \/>\n<meta property=\"article:modified_time\" content=\"2021-05-21T17:45:12+00:00\" \/>\n<meta property=\"og:image\" content=\"https:\/\/www.labofine.com\/wp-content\/uploads\/2021\/05\/intext-1-1.png\" \/>\n<meta name=\"twitter:card\" content=\"summary_large_image\" \/>\n<meta name=\"twitter:label1\" content=\"Estimation du temps de lecture\" \/>\n\t<meta name=\"twitter:data1\" content=\"3 minutes\" \/>\n<script type=\"application\/ld+json\" class=\"yoast-schema-graph\">{\"@context\":\"https:\/\/schema.org\",\"@graph\":[{\"@type\":\"WebPage\",\"@id\":\"https:\/\/www.labofine.com\/spf-testing\/\",\"url\":\"https:\/\/www.labofine.com\/spf-testing\/\",\"name\":\"SPF Testing - Discover Superior SPF Testing For Products In Pointe-Claire Today\",\"isPartOf\":{\"@id\":\"https:\/\/www.labofine.com\/#website\"},\"primaryImageOfPage\":{\"@id\":\"https:\/\/www.labofine.com\/spf-testing\/#primaryimage\"},\"image\":{\"@id\":\"https:\/\/www.labofine.com\/spf-testing\/#primaryimage\"},\"thumbnailUrl\":\"https:\/\/www.labofine.com\/wp-content\/uploads\/2021\/05\/intext-1-1.png\",\"datePublished\":\"2021-05-10T16:39:55+00:00\",\"dateModified\":\"2021-05-21T17:45:12+00:00\",\"description\":\"If you\u2019re in need of high-quality SPF testing, look no further than Labofine. We offer a range of analytical testing in Pointe-Claire. Get started today!\",\"breadcrumb\":{\"@id\":\"https:\/\/www.labofine.com\/spf-testing\/#breadcrumb\"},\"inLanguage\":\"fr-CA\",\"potentialAction\":[{\"@type\":\"ReadAction\",\"target\":[\"https:\/\/www.labofine.com\/spf-testing\/\"]}]},{\"@type\":\"ImageObject\",\"inLanguage\":\"fr-CA\",\"@id\":\"https:\/\/www.labofine.com\/spf-testing\/#primaryimage\",\"url\":\"https:\/\/www.labofine.com\/wp-content\/uploads\/2021\/05\/intext-1-1.png\",\"contentUrl\":\"https:\/\/www.labofine.com\/wp-content\/uploads\/2021\/05\/intext-1-1.png\"},{\"@type\":\"BreadcrumbList\",\"@id\":\"https:\/\/www.labofine.com\/spf-testing\/#breadcrumb\",\"itemListElement\":[{\"@type\":\"ListItem\",\"position\":1,\"name\":\"Home\",\"item\":\"https:\/\/www.labofine.com\/\"},{\"@type\":\"ListItem\",\"position\":2,\"name\":\"SPF and Sunscreen Testing\"}]},{\"@type\":\"WebSite\",\"@id\":\"https:\/\/www.labofine.com\/#website\",\"url\":\"https:\/\/www.labofine.com\/\",\"name\":\"Labofine\",\"description\":\"| A Tentamus Company\",\"potentialAction\":[{\"@type\":\"SearchAction\",\"target\":{\"@type\":\"EntryPoint\",\"urlTemplate\":\"https:\/\/www.labofine.com\/?s={search_term_string}\"},\"query-input\":\"required name=search_term_string\"}],\"inLanguage\":\"fr-CA\"}]}<\/script>\n<!-- \/ Yoast SEO plugin. -->","yoast_head_json":{"title":"SPF Testing - Discover Superior SPF Testing For Products In Pointe-Claire Today","description":"If you\u2019re in need of high-quality SPF testing, look no further than Labofine. We offer a range of analytical testing in Pointe-Claire. Get started today!","robots":{"index":"index","follow":"follow","max-snippet":"max-snippet:-1","max-image-preview":"max-image-preview:large","max-video-preview":"max-video-preview:-1"},"canonical":"https:\/\/www.labofine.com\/fr\/blog\/spf-testing\/","og_locale":"fr_CA","og_type":"article","og_title":"SPF Testing - Discover Superior SPF Testing For Products In Pointe-Claire Today","og_description":"If you\u2019re in need of high-quality SPF testing, look no further than Labofine. We offer a range of analytical testing in Pointe-Claire. Get started today!","og_url":"https:\/\/www.labofine.com\/fr\/blog\/spf-testing\/","og_site_name":"Labofine","article_modified_time":"2021-05-21T17:45:12+00:00","og_image":[{"url":"https:\/\/www.labofine.com\/wp-content\/uploads\/2021\/05\/intext-1-1.png"}],"twitter_card":"summary_large_image","twitter_misc":{"Estimation du temps de lecture":"3 minutes"},"schema":{"@context":"https:\/\/schema.org","@graph":[{"@type":"WebPage","@id":"https:\/\/www.labofine.com\/spf-testing\/","url":"https:\/\/www.labofine.com\/spf-testing\/","name":"SPF Testing - Discover Superior SPF Testing For Products In Pointe-Claire Today","isPartOf":{"@id":"https:\/\/www.labofine.com\/#website"},"primaryImageOfPage":{"@id":"https:\/\/www.labofine.com\/spf-testing\/#primaryimage"},"image":{"@id":"https:\/\/www.labofine.com\/spf-testing\/#primaryimage"},"thumbnailUrl":"https:\/\/www.labofine.com\/wp-content\/uploads\/2021\/05\/intext-1-1.png","datePublished":"2021-05-10T16:39:55+00:00","dateModified":"2021-05-21T17:45:12+00:00","description":"If you\u2019re in need of high-quality SPF testing, look no further than Labofine. We offer a range of analytical testing in Pointe-Claire. Get started today!","breadcrumb":{"@id":"https:\/\/www.labofine.com\/spf-testing\/#breadcrumb"},"inLanguage":"fr-CA","potentialAction":[{"@type":"ReadAction","target":["https:\/\/www.labofine.com\/spf-testing\/"]}]},{"@type":"ImageObject","inLanguage":"fr-CA","@id":"https:\/\/www.labofine.com\/spf-testing\/#primaryimage","url":"https:\/\/www.labofine.com\/wp-content\/uploads\/2021\/05\/intext-1-1.png","contentUrl":"https:\/\/www.labofine.com\/wp-content\/uploads\/2021\/05\/intext-1-1.png"},{"@type":"BreadcrumbList","@id":"https:\/\/www.labofine.com\/spf-testing\/#breadcrumb","itemListElement":[{"@type":"ListItem","position":1,"name":"Home","item":"https:\/\/www.labofine.com\/"},{"@type":"ListItem","position":2,"name":"SPF and Sunscreen Testing"}]},{"@type":"WebSite","@id":"https:\/\/www.labofine.com\/#website","url":"https:\/\/www.labofine.com\/","name":"Labofine","description":"| A Tentamus Company","potentialAction":[{"@type":"SearchAction","target":{"@type":"EntryPoint","urlTemplate":"https:\/\/www.labofine.com\/?s={search_term_string}"},"query-input":"required name=search_term_string"}],"inLanguage":"fr-CA"}]}},"_links":{"self":[{"href":"https:\/\/www.labofine.com\/fr\/wp-json\/wp\/v2\/pages\/1264"}],"collection":[{"href":"https:\/\/www.labofine.com\/fr\/wp-json\/wp\/v2\/pages"}],"about":[{"href":"https:\/\/www.labofine.com\/fr\/wp-json\/wp\/v2\/types\/page"}],"author":[{"embeddable":true,"href":"https:\/\/www.labofine.com\/fr\/wp-json\/wp\/v2\/users\/12"}],"replies":[{"embeddable":true,"href":"https:\/\/www.labofine.com\/fr\/wp-json\/wp\/v2\/comments?post=1264"}],"version-history":[{"count":7,"href":"https:\/\/www.labofine.com\/fr\/wp-json\/wp\/v2\/pages\/1264\/revisions"}],"predecessor-version":[{"id":1365,"href":"https:\/\/www.labofine.com\/fr\/wp-json\/wp\/v2\/pages\/1264\/revisions\/1365"}],"wp:attachment":[{"href":"https:\/\/www.labofine.com\/fr\/wp-json\/wp\/v2\/media?parent=1264"}],"curies":[{"name":"wp","href":"https:\/\/api.w.org\/{rel}","templated":true}]}}