{"id":1513,"date":"2022-02-17T10:11:09","date_gmt":"2022-02-17T17:11:09","guid":{"rendered":"https:\/\/www.labofine.com\/?page_id=1513"},"modified":"2022-03-17T13:55:22","modified_gmt":"2022-03-17T19:55:22","slug":"dietary-supplement-testing","status":"publish","type":"page","link":"https:\/\/www.labofine.com\/fr\/dietary-supplement-testing\/","title":{"rendered":"TESTS DE SUPPL\u00c9MENTS ALIMENTAIRES"},"content":{"rendered":"<h1>\n\t\tChangeable Supportive Title\n\t<\/h1>\n<h1>\n\t\tChez Labofine, nous proposons des services complets d'analyses chimiques pour les \ncompl\u00e9ments alimentaires. Nous veillons non seulement \u00e0 ce que votre produit soit propre \u00e0 \nla consommation, mais aussi \u00e0 ce qu'il soit correctement \u00e9tiquet\u00e9 afin d'assurer l'exactitude \net la conformit\u00e9 aux exigences r\u00e9glementaires des agences en Am\u00e9rique du Nord.\n\t<\/h1>\n\t\t\t<a href=\"https:\/\/www.labofine.com\/fr\/contact\/\" target=\"_self\" role=\"button\" rel=\"noopener noreferrer\">\n\t\t\t\t\t\t\tContactez-nous\n\t\t\t\t\t<\/a>\n\t<p>As the dietary supplement industry continues to grow and expand throughout Canada and other countries, there are many companies in need of testing to ensure compliance, correct labeling, and safety so these supplements are trusted and well-received by consumers and distributors alike.<\/p>\n<p>Labofine is your source for chemical testing and more for dietary supplements, and our team is not only well-equipped to test your products thoroughly and efficiently, but also nutritional labeling services and analytics so you have all the information you need to make intelligent decisions about your dietary supplement products. Learn more about Labofine&#8217;s Dietary Supplement Testing services here or visit our Solutions page to learn more about our lab&#8217;s other testing services and products.\u00a0<\/p>\n\t\t\t\t<a href=\"https:\/\/www.labofine.com\/wp-content\/uploads\/2024\/04\/DietarySupplements_infog-01.png\" target=\"_self\" itemprop=\"url\" rel=\"noopener noreferrer\">\n\t\t\t\t<img loading=\"lazy\" decoding=\"async\" src=\"https:\/\/www.labofine.com\/wp-content\/uploads\/2024\/04\/DietarySupplements_infog-01.png\" alt=\"DietarySupplements_infog\" itemprop=\"image\" height=\"1000\" width=\"1200\" title=\"DietarySupplements_infog\" onerror=\"this.style.display='none'\"  \/>\n\t\t\t\t<\/a>\n\t\t\t\t<img loading=\"lazy\" decoding=\"async\" src=\"https:\/\/www.labofine.com\/wp-content\/uploads\/2022\/02\/intext-2-dietary.png\" alt=\"intext 2-dietary\" itemprop=\"image\" height=\"400\" width=\"400\" title=\"intext 2-dietary\" onerror=\"this.style.display='none'\"  \/>\n\t<h2>POURQUOI TESTER LES COMPL\u00c9MENTS ALIMENTAIRES DE MANI\u00c8RE PROFESSIONNELLE ?<\/h2>\n\t<p>If you&#8217;re the creator of a new dietary supplement or are a distributor of a supplement that has just been introduced to the market, it is a smart choice to perform your due diligence and ensure that your product is not only safe for consumption, but also that it is labeled correctly to ensure accuracy and compliance with regulatory requirements from agencies in North America. The best way to get this information and ensure that you&#8217;re distributing a safe and effective supplement to your customers is by obtaining testing from an accredited laboratory that is equipped with the correct tools and testing experience to analyze the supplement product. At Labofine, we have a laboratory that is fully equipped with testing apparatus and experienced laboratory technicians who are committed to providing the most accurate results for your dietary supplement testing needs.<\/p>\n\t<h2>QUE SE PASSE-T-IL SI LES TESTS R\u00c9V\u00c8LENT UN PROBL\u00c8ME ?<\/h2>\n\t<p>Si votre processus de test de compl\u00e9ments alimentaires chimiques r\u00e9v\u00e8le qu'il y a un \nprobl\u00e8me avec le ou les produits en question, vous voulez le savoir imm\u00e9diatement afin de \npouvoir rectifier le probl\u00e8me et vous assurer que vous \u00eates conforme aux normes professionnelles. Mais qu'est-ce qui constitue exactement un probl\u00e8me avec un compl\u00e9ment alimentaire ? Les probl\u00e8mes li\u00e9s aux suppl\u00e9ments peuvent aller d'ingr\u00e9dients qui ne correspondent pas \u00e0 l'\u00e9tiquetage, d'ingr\u00e9dients dangereux ou volatils qui ne devraient pas se trouver dans les suppl\u00e9ments, d'un produit dont la dur\u00e9e de conservation est plus courte que pr\u00e9vu ou annonc\u00e9, ou d'autres \u00e9carts similaires qui peuvent rendre votre produit dangereux ou impropre \u00e0 la distribution. En cas de probl\u00e8me d\u00e9tect\u00e9 avec votre suppl\u00e9ment, notre \u00e9quipe vous fournira les r\u00e9sultats et les analyses et sera en mesure de vous consulter sur les prochaines \u00e9tapes \u00e0 suivre pour rectifier le probl\u00e8me et remettre votre produit sur le march\u00e9 en toute s\u00e9curit\u00e9 et en conformit\u00e9.<\/p>\n\t\t\t\t<img loading=\"lazy\" decoding=\"async\" src=\"https:\/\/www.labofine.com\/wp-content\/uploads\/2022\/02\/intext-1-dietary.png\" alt=\"intext 1-dietary\" itemprop=\"image\" height=\"400\" width=\"400\" title=\"intext 1-dietary\" onerror=\"this.style.display='none'\"  \/>\n\t<h2>Labofine&#8217;s Testing Process<\/h2>\n\t<p>Lorsque vous obtenez les services de l'\u00e9quipe d'essais chimiques de Labofine, vous b\u00e9n\u00e9ficiez \ndes connaissances et de l'exp\u00e9rience d'une \u00e9quipe de laboratoire chevronn\u00e9e, professionnelle et d\u00e9vou\u00e9e, passionn\u00e9e par la pr\u00e9cision et la haute qualit\u00e9 du travail pour obtenir les r\u00e9sultats les plus corrects. Notre \u00e9quipe effectuera un dosage de tests chimiques, de tests de culture et de tests de dur\u00e9e de conservation afin d'obtenir une image pr\u00e9cise et compl\u00e8te de la composition de votre produit. \u00c0 l'aide de notre large gamme d'\u00e9quipements de laboratoire, notre \u00e9quipe s'efforcera de vous fournir des informations sur la microbiologie de votre produit et de quantifier les composants avec pr\u00e9cision et efficacit\u00e9.<\/p>\n\t\t\t<a href=\"https:\/\/www.labofine.com\/fr\/contact\/\" target=\"_self\" role=\"button\" rel=\"noopener noreferrer\">\n\t\t\t\t\t\t\tContactez-nous\n\t\t\t\t\t<\/a>\n\t\t\t\t<img loading=\"lazy\" decoding=\"async\" src=\"https:\/\/www.labofine.com\/wp-content\/uploads\/2022\/02\/image-4-dietary-300x300.jpg\" alt=\"image 4-dietary\" itemprop=\"image\" height=\"300\" width=\"300\" title=\"image 4-dietary\" onerror=\"this.style.display='none'\"  \/>\n\t<h3><strong>Pourquoi les tests sont-ils importants ?\u00a0<\/strong><\/h3>\n<p>Bien que tester votre produit puisse sembler \u00eatre une \u00e9tape fastidieuse \u00e0 effectuer avec \nvotre compl\u00e9ment alimentaire, il s'agit d'un \u00e9l\u00e9ment important pour vous assurer que vous \nrestez en conformit\u00e9 avec les r\u00e9glementations en vigueur et d'autres exigences. Obtenir \ndes tests d'un laboratoire exp\u00e9riment\u00e9 et professionnel comme Labofine vous fournit non \nseulement les informations dont vous avez besoin, mais aussi les certifications et les \ndocuments dont vous avez besoin pour prouver que les tests chimiques de votre compl\u00e9ment alimentaire ont \u00e9t\u00e9 correctement effectu\u00e9s par une entreprise accr\u00e9dit\u00e9e. Sur de nombreuses places de march\u00e9 comme Amazon ou d'autres espaces d'achat en ligne, votre compl\u00e9ment alimentaire doit avoir une documentation prouvant qu'il est s\u00fbr, consommable et conforme aux exigences et restrictions.<\/p>\n\t\t\t\t<img loading=\"lazy\" decoding=\"async\" src=\"https:\/\/www.labofine.com\/wp-content\/uploads\/2022\/02\/bg-4-dietary-300x300.jpg\" alt=\"bg 4-dietary\" itemprop=\"image\" height=\"300\" width=\"300\" title=\"bg 4-dietary\" onerror=\"this.style.display='none'\"  \/>\n\t<h3><strong>R\u00e9sultats des tests et analyses<\/strong><\/h3>\n<p>After thorough testing for your dietary supplement products is complete, you will receive a report from the Labofine team with every detail of the full analysis that was performed on your product. This report will not only provide you with an in-depth understanding of your dietary supplement ingredients, makeup, and properties, but can also help illuminate any unknown factors of your product so you can make labeling, advertising, or sales adjustments as needed. Because our team is committed to excellence and accuracy, you can rest assured that we&#8217;ll provide you with the most accurate results in an efficient and timely manner.<\/p>\n\t<h2>COMMENT COMMENCER \u00c0 TESTER LES COMPL\u00c9MENTS ALIMENTAIRES<\/h2>\n\t<p>When you are searching for a reputable and reliable company to perform your dietary supplement testing services, you&#8217;ll want to make sure that they are an accredited laboratory that performs the tests you need to quantify your product and the equipment lab technicians need to accurately produce results. Labofine is an accredited laboratory that is an established leader in pharmaceutical and NHP testing, and is licensed with Health Canada as well as the U.S. Food and Drug Administration (FDA). To learn more about our accreditations and find our registration numbers, please visit our <a href=\"https:\/\/www.labofine.com\/fr\/accrediations\/\">page Accr\u00e9ditations. <\/a>Commencez avec notre \u00e9quipe en nous contactant depuis notre <a href=\"https:\/\/www.labofine.com\/fr\/contact\/\">Contactez-nous <\/a>Pour les demandes et les besoins urgents en mati\u00e8re de tests <a href=\"tel:833-213-1183\">, veuillez nous appeler directement.<\/a>.<\/p>\n<h3>Nos m\u00e9thodes d'essai<\/h3>\n<p>Nos m\u00e9thodes de test comprennent de nombreuses options diff\u00e9rentes, et vous pouvez choisir parmi les suivantes, en fonction de votre produit et de vos besoins:<\/p>\n<p>&nbsp;<\/p>\n\t<p><b>Microbiologie:<\/b><\/p>\n<ul>\n<li aria-level=\"1\">Tests de limite microbienne<\/li>\n<li aria-level=\"1\">D\u00e9nombrement total sur plaque des bact\u00e9ries pathog\u00e8nes (Listeria, Salmonella, \nE Coli O157 : H7, staphylocoques \u00e0 Gram positif, etc.)<\/li>\n<li aria-level=\"1\">Tests d'efficacit\u00e9 des conservateurs antimicrobiens<\/li>\n<li aria-level=\"1\">Identification des organismes (bact\u00e9ries, levures et moisissures)<\/li>\n<li aria-level=\"1\">Tests microbiologiques pour la d\u00e9tection des bact\u00e9ries pathog\u00e8nes<\/li>\n<li aria-level=\"1\">Tests d'endotoxines bact\u00e9riennes<\/li>\n<li aria-level=\"1\">Dosages microbiens pour les antibiotiques<\/li>\n<li aria-level=\"1\">D\u00e9velopper des m\u00e9thodes microbiologiques et des projets de recherche<\/li>\n<\/ul>\n\t<p><b>Analyse \u00e9l\u00e9mentaire par ICP-MS<\/b><\/p>\n<ul>\n<li aria-level=\"1\">L'ICP-MS est une technique tr\u00e8s sensible, ayant la d\u00e9tection la plus faible aux niveaux ppb et ppt.<\/li>\n<li aria-level=\"1\">Permet de quantifier facilement les petits volumes<\/li>\n<li aria-level=\"1\">Moins de d\u00e9chets \u00e0 \u00e9liminer<\/li>\n<li aria-level=\"1\">La technique a une identification isotopique multiple d\u00e9finitive (moins sujette aux interf\u00e9rences)<\/li>\n<li aria-level=\"1\">Fournit une m\u00e9thode de d\u00e9pistage rapide pour les \u00e9chantillons pharmaceutiques r\u00e9els<\/li>\n<li aria-level=\"1\">Procure un bon accord avec l'analyse enti\u00e8rement quantitative<\/li>\n<\/ul>\n\t<p><b>D\u00e9veloppement et validation de m\u00e9thodes<\/b><\/p>\n<ul>\n<li aria-level=\"1\">Techniques de titrage et colorim\u00e9triques<\/li>\n<li aria-level=\"1\">Espace de t\u00eate GC\/MS<\/li>\n<li aria-level=\"1\">HPLC and et IC<\/li>\n<\/ul>\n\t<p>Obtaining chemical testing for your dietary supplement products doesn&#8217;t have to be an intimidating or difficult process. By working with Labofine to utilize our experienced, passionate, and professional testing procedures to find accurate and detailed results about your dietary supplements, you&#8217;re setting your company up for success in distributing your dietary supplement products. To get started with your chemical testing and laboratory testing for dietary supplements, <a href=\"https:\/\/www.labofine.com\/fr\/contact\/\">contactez-nous d\u00e8s aujourd'hui.<\/a>.\u00a0<\/p>\n\t\t\t<a href=\"https:\/\/www.labofine.com\/fr\/contact\/\" target=\"_self\" role=\"button\" rel=\"noopener noreferrer\">\n\t\t\t\t\t\t\tContactez-nous\n\t\t\t\t\t<\/a>","protected":false},"excerpt":{"rendered":"<p>Changeable Supportive Title Perform your due diligence and ensure that your product is not only safe for consumption, but also that it is labeled correctly to ensure accuracy and compliance with regulatory requirements from agencies in North America. Connect With Us As the dietary supplement industry continues to grow and expand throughout Canada and other&hellip;<\/p>","protected":false},"author":12,"featured_media":0,"parent":0,"menu_order":0,"comment_status":"closed","ping_status":"closed","template":"","meta":{"footnotes":""},"yoast_head":"<!-- This site is optimized with the Yoast SEO plugin v22.7 - https:\/\/yoast.com\/wordpress\/plugins\/seo\/ -->\n<title>Dietary Supplement Testing - Labofine<\/title>\n<meta name=\"robots\" content=\"index, follow, max-snippet:-1, max-image-preview:large, max-video-preview:-1\" \/>\n<link rel=\"canonical\" href=\"https:\/\/www.labofine.com\/fr\/dietary-supplement-testing\/\" \/>\n<meta property=\"og:locale\" content=\"fr_CA\" \/>\n<meta property=\"og:type\" content=\"article\" \/>\n<meta property=\"og:title\" content=\"Dietary Supplement Testing - Labofine\" \/>\n<meta property=\"og:description\" content=\"Changeable Supportive Title Perform your due diligence and ensure that your product is not only safe for consumption, but also that it is labeled correctly to ensure accuracy and compliance with regulatory requirements from agencies in North America. Connect With Us As the dietary supplement industry continues to grow and expand throughout Canada and other&hellip;\" \/>\n<meta property=\"og:url\" content=\"https:\/\/www.labofine.com\/fr\/dietary-supplement-testing\/\" \/>\n<meta property=\"og:site_name\" content=\"Labofine\" \/>\n<meta property=\"article:modified_time\" content=\"2022-03-17T19:55:22+00:00\" \/>\n<meta property=\"og:image\" content=\"https:\/\/www.labofine.com\/wp-content\/uploads\/2022\/02\/DietarySupplements_infog.jpg\" \/>\n<meta name=\"twitter:card\" content=\"summary_large_image\" \/>\n<meta name=\"twitter:label1\" content=\"Estimation du temps de lecture\" \/>\n\t<meta name=\"twitter:data1\" content=\"6 minutes\" \/>\n<script type=\"application\/ld+json\" class=\"yoast-schema-graph\">{\"@context\":\"https:\/\/schema.org\",\"@graph\":[{\"@type\":\"WebPage\",\"@id\":\"https:\/\/www.labofine.com\/dietary-supplement-testing\/\",\"url\":\"https:\/\/www.labofine.com\/dietary-supplement-testing\/\",\"name\":\"Dietary Supplement Testing - Labofine\",\"isPartOf\":{\"@id\":\"https:\/\/www.labofine.com\/#website\"},\"primaryImageOfPage\":{\"@id\":\"https:\/\/www.labofine.com\/dietary-supplement-testing\/#primaryimage\"},\"image\":{\"@id\":\"https:\/\/www.labofine.com\/dietary-supplement-testing\/#primaryimage\"},\"thumbnailUrl\":\"https:\/\/www.labofine.com\/wp-content\/uploads\/2022\/02\/DietarySupplements_infog.jpg\",\"datePublished\":\"2022-02-17T17:11:09+00:00\",\"dateModified\":\"2022-03-17T19:55:22+00:00\",\"breadcrumb\":{\"@id\":\"https:\/\/www.labofine.com\/dietary-supplement-testing\/#breadcrumb\"},\"inLanguage\":\"fr-CA\",\"potentialAction\":[{\"@type\":\"ReadAction\",\"target\":[\"https:\/\/www.labofine.com\/dietary-supplement-testing\/\"]}]},{\"@type\":\"ImageObject\",\"inLanguage\":\"fr-CA\",\"@id\":\"https:\/\/www.labofine.com\/dietary-supplement-testing\/#primaryimage\",\"url\":\"https:\/\/www.labofine.com\/wp-content\/uploads\/2022\/02\/DietarySupplements_infog.jpg\",\"contentUrl\":\"https:\/\/www.labofine.com\/wp-content\/uploads\/2022\/02\/DietarySupplements_infog.jpg\"},{\"@type\":\"BreadcrumbList\",\"@id\":\"https:\/\/www.labofine.com\/dietary-supplement-testing\/#breadcrumb\",\"itemListElement\":[{\"@type\":\"ListItem\",\"position\":1,\"name\":\"Home\",\"item\":\"https:\/\/www.labofine.com\/\"},{\"@type\":\"ListItem\",\"position\":2,\"name\":\"Dietary Supplement Testing\"}]},{\"@type\":\"WebSite\",\"@id\":\"https:\/\/www.labofine.com\/#website\",\"url\":\"https:\/\/www.labofine.com\/\",\"name\":\"Labofine\",\"description\":\"| A Tentamus Company\",\"potentialAction\":[{\"@type\":\"SearchAction\",\"target\":{\"@type\":\"EntryPoint\",\"urlTemplate\":\"https:\/\/www.labofine.com\/?s={search_term_string}\"},\"query-input\":\"required name=search_term_string\"}],\"inLanguage\":\"fr-CA\"}]}<\/script>\n<!-- \/ Yoast SEO plugin. -->","yoast_head_json":{"title":"Dietary Supplement Testing - Labofine","robots":{"index":"index","follow":"follow","max-snippet":"max-snippet:-1","max-image-preview":"max-image-preview:large","max-video-preview":"max-video-preview:-1"},"canonical":"https:\/\/www.labofine.com\/fr\/dietary-supplement-testing\/","og_locale":"fr_CA","og_type":"article","og_title":"Dietary Supplement Testing - Labofine","og_description":"Changeable Supportive Title Perform your due diligence and ensure that your product is not only safe for consumption, but also that it is labeled correctly to ensure accuracy and compliance with regulatory requirements from agencies in North America. Connect With Us As the dietary supplement industry continues to grow and expand throughout Canada and other&hellip;","og_url":"https:\/\/www.labofine.com\/fr\/dietary-supplement-testing\/","og_site_name":"Labofine","article_modified_time":"2022-03-17T19:55:22+00:00","og_image":[{"url":"https:\/\/www.labofine.com\/wp-content\/uploads\/2022\/02\/DietarySupplements_infog.jpg"}],"twitter_card":"summary_large_image","twitter_misc":{"Estimation du temps de lecture":"6 minutes"},"schema":{"@context":"https:\/\/schema.org","@graph":[{"@type":"WebPage","@id":"https:\/\/www.labofine.com\/dietary-supplement-testing\/","url":"https:\/\/www.labofine.com\/dietary-supplement-testing\/","name":"Dietary Supplement Testing - Labofine","isPartOf":{"@id":"https:\/\/www.labofine.com\/#website"},"primaryImageOfPage":{"@id":"https:\/\/www.labofine.com\/dietary-supplement-testing\/#primaryimage"},"image":{"@id":"https:\/\/www.labofine.com\/dietary-supplement-testing\/#primaryimage"},"thumbnailUrl":"https:\/\/www.labofine.com\/wp-content\/uploads\/2022\/02\/DietarySupplements_infog.jpg","datePublished":"2022-02-17T17:11:09+00:00","dateModified":"2022-03-17T19:55:22+00:00","breadcrumb":{"@id":"https:\/\/www.labofine.com\/dietary-supplement-testing\/#breadcrumb"},"inLanguage":"fr-CA","potentialAction":[{"@type":"ReadAction","target":["https:\/\/www.labofine.com\/dietary-supplement-testing\/"]}]},{"@type":"ImageObject","inLanguage":"fr-CA","@id":"https:\/\/www.labofine.com\/dietary-supplement-testing\/#primaryimage","url":"https:\/\/www.labofine.com\/wp-content\/uploads\/2022\/02\/DietarySupplements_infog.jpg","contentUrl":"https:\/\/www.labofine.com\/wp-content\/uploads\/2022\/02\/DietarySupplements_infog.jpg"},{"@type":"BreadcrumbList","@id":"https:\/\/www.labofine.com\/dietary-supplement-testing\/#breadcrumb","itemListElement":[{"@type":"ListItem","position":1,"name":"Home","item":"https:\/\/www.labofine.com\/"},{"@type":"ListItem","position":2,"name":"Dietary Supplement Testing"}]},{"@type":"WebSite","@id":"https:\/\/www.labofine.com\/#website","url":"https:\/\/www.labofine.com\/","name":"Labofine","description":"| A Tentamus Company","potentialAction":[{"@type":"SearchAction","target":{"@type":"EntryPoint","urlTemplate":"https:\/\/www.labofine.com\/?s={search_term_string}"},"query-input":"required name=search_term_string"}],"inLanguage":"fr-CA"}]}},"_links":{"self":[{"href":"https:\/\/www.labofine.com\/fr\/wp-json\/wp\/v2\/pages\/1513"}],"collection":[{"href":"https:\/\/www.labofine.com\/fr\/wp-json\/wp\/v2\/pages"}],"about":[{"href":"https:\/\/www.labofine.com\/fr\/wp-json\/wp\/v2\/types\/page"}],"author":[{"embeddable":true,"href":"https:\/\/www.labofine.com\/fr\/wp-json\/wp\/v2\/users\/12"}],"replies":[{"embeddable":true,"href":"https:\/\/www.labofine.com\/fr\/wp-json\/wp\/v2\/comments?post=1513"}],"version-history":[{"count":5,"href":"https:\/\/www.labofine.com\/fr\/wp-json\/wp\/v2\/pages\/1513\/revisions"}],"predecessor-version":[{"id":1549,"href":"https:\/\/www.labofine.com\/fr\/wp-json\/wp\/v2\/pages\/1513\/revisions\/1549"}],"wp:attachment":[{"href":"https:\/\/www.labofine.com\/fr\/wp-json\/wp\/v2\/media?parent=1513"}],"curies":[{"name":"wp","href":"https:\/\/api.w.org\/{rel}","templated":true}]}}