{"id":1528,"date":"2022-02-22T14:05:33","date_gmt":"2022-02-22T21:05:33","guid":{"rendered":"https:\/\/www.labofine.com\/?page_id=1528"},"modified":"2022-03-03T10:56:41","modified_gmt":"2022-03-03T17:56:41","slug":"labofine-offers-stability-testing-services","status":"publish","type":"page","link":"https:\/\/www.labofine.com\/fr\/labofine-offers-stability-testing-services\/","title":{"rendered":"TESTS DE STABILIT\u00c9"},"content":{"rendered":"<a href=\"https:\/\/www.labofine.com\/fr\/contact\/\" target=\"_self\" role=\"button\" rel=\"noopener noreferrer\">\n\t\t\t\t\t\t\tContactez-nous\n\t\t\t\t\t<\/a>\n\t\t\t\t<img loading=\"lazy\" decoding=\"async\" src=\"https:\/\/www.labofine.com\/wp-content\/uploads\/2024\/04\/LABOFINE-01.png\" alt=\"TRUST BADGE 1\" itemprop=\"image\" height=\"250\" width=\"250\" title=\"TRUST BADGE 1\" onerror=\"this.style.display='none'\"  \/>\n\t\t\t\t<img loading=\"lazy\" decoding=\"async\" src=\"https:\/\/www.labofine.com\/wp-content\/uploads\/2024\/04\/LABOFINE-02.png\" alt=\"TRUST BADGE 2\" itemprop=\"image\" height=\"250\" width=\"250\" title=\"TRUST BADGE 2\" onerror=\"this.style.display='none'\"  \/>\n\t\t\t\t<img loading=\"lazy\" decoding=\"async\" src=\"https:\/\/www.labofine.com\/wp-content\/uploads\/2024\/04\/LABOFINE-03.png\" alt=\"TRUST BADGE 3\" itemprop=\"image\" height=\"250\" width=\"250\" title=\"TRUST BADGE 3\" onerror=\"this.style.display='none'\"  \/>\n\t<p>La stabilit\u00e9, c'est quand vous avez un produit et que vous voulez conna\u00eetre la dur\u00e9e de conservation. De nombreux facteurs externes influencent la qualit\u00e9 d'un produit ou d'une substance. Labofine propose\u00a0<a href=\"https:\/\/www.labofine.com\/fr\/solutions\/\">des services de tests de stabilit\u00e9<\/a>\u00a0qui \u00e9valueront suffisamment toutes les conditions de votre d\u00e9veloppement.\u00a0<a href=\"https:\/\/www.labofine.com\/fr\/contact\/\">Contactez-nous<\/a>\u00a0et prenez rendez-vous d\u00e8s aujourd'hui!<\/p>\n\t\t\t\t<img loading=\"lazy\" decoding=\"async\" src=\"https:\/\/www.labofine.com\/wp-content\/uploads\/2022\/03\/intext-1_stability.png\" alt=\"intext 1_stability\" itemprop=\"image\" height=\"400\" width=\"400\" title=\"intext 1_stability\" onerror=\"this.style.display='none'\"  \/>\n\t<h2>TESTS DE STABILIT\u00c9<\/h2>\n\t<p>Le but des tests de stabilit\u00e9 est d'archiver les preuves de la qualit\u00e9 d'une substance m\u00e9dicamenteuse ou d'un produit. Comme les aliments, les m\u00e9dicaments ont des dates de p\u00e9remption qui font que l'efficacit\u00e9 initiale du produit diminue avec le temps.\u00a0<a href=\"https:\/\/www.labofine.com\/fr\/solutions\/pharmaceuticals\/\">Les produits pharmaceutiques<\/a>\u00a0value stability testing due to their high demands routinely for people who need them. Labofine does both real-time and accelerated stability testing for a product&#8217;s half-life with a six-month study that will represent two years of stability information.<\/p>\n\t<h2>TEST DE DUR\u00c9E DE CONSERVATION<\/h2>\n\t<p>En effectuant des tests de stabilit\u00e9 pour les premier, troisi\u00e8me et sixi\u00e8me mois, nous pouvons d\u00e9terminer la dur\u00e9e de conservation. Les notes de suivie sur la dur\u00e9e de vie d'un produit doivent \u00eatre \u00e9tay\u00e9es par des donn\u00e9es certifi\u00e9es avant d'\u00eatre publi\u00e9es et vendues au public. Par cons\u00e9quent, Labofine suit toutes les proc\u00e9dures pour garantir des donn\u00e9es exactes pour chaque produit exp\u00e9di\u00e9.<\/p>\n\t\t\t\t<img loading=\"lazy\" decoding=\"async\" src=\"https:\/\/www.labofine.com\/wp-content\/uploads\/2022\/03\/intext-2_stability-1.png\" alt=\"intext 2_stability\" itemprop=\"image\" height=\"400\" width=\"400\" title=\"intext 2_stability\" onerror=\"this.style.display='none'\"  \/>\n\t\t\t\t<img loading=\"lazy\" decoding=\"async\" src=\"https:\/\/www.labofine.com\/wp-content\/uploads\/2022\/02\/1200x900GMB-4-300x225.jpg\" alt=\"pharmisist smiling while standing in front of product shelves\" itemprop=\"image\" height=\"225\" width=\"300\" title=\"1200x900GMB-4\" onerror=\"this.style.display='none'\"  \/>\n\t<h3><strong>Efficacit\u00e9 des tests<\/strong><\/h3>\n<p>Products that don&#8217;t work as intended are never the consumer&#8217;s fault. We keep it an utmost priority to test and dictate each product to maintain reliable standards. We consider the timespan of effectiveness that our clients are looking for at any given amount to ensure that the product meets their criteria. The results have them either lower said measures or update the product accordingly.<\/p>\n\t\t\t\t<img loading=\"lazy\" decoding=\"async\" src=\"https:\/\/www.labofine.com\/wp-content\/uploads\/2022\/02\/1200x900GMB-2-300x225.jpg\" alt=\"chemist combining substance into a glass jar\" itemprop=\"image\" height=\"225\" width=\"300\" title=\"1200x900GMB-2\" onerror=\"this.style.display='none'\"  \/>\n\t<h3><strong>Efficacit\u00e9 des ingr\u00e9dients<\/strong><\/h3>\n<p>Labofine donne toujours la priorit\u00e9 aux donn\u00e9es d'efficacit\u00e9 des ingr\u00e9dients lors de ses tests. \nCes r\u00e9sultats permettent de rapporter quels ingr\u00e9dients actifs apparaissent dans un produit \npour assurer son fonctionnement. L'industrie cosm\u00e9tique a une forte demande de r\u00e9sultats de tests de stabilit\u00e9 afin d\u2019\u00eatre en mesure d\u2019annoncer que les ingr\u00e9dients contenus dans leurs produits remplissent les fonctions pour lesquelles ils ont \u00e9t\u00e9 con\u00e7us.<\/p>\n\t<p>Qu'il s'agisse de m\u00e9dicaments vitaux ou de produits de soin de la peau utiles, notre but est de \nvous aider \u00e0 faire en sorte que les produits fonctionnent comme pr\u00e9vu. Contactez Labofine d\u00e8s aujourd'hui pour des services d'essais de stabilit\u00e9.<\/p>\n\t\t\t<a href=\"https:\/\/www.labofine.com\/fr\/contact\/\" target=\"_self\" role=\"button\" rel=\"noopener noreferrer\">\n\t\t\t\t\t\t\tContactez-nous\n\t\t\t\t\t<\/a>","protected":false},"excerpt":{"rendered":"<p>Connect With Us Stability is when you have a product and want to know the shelf life. Many external factors influence the quality of a product or substance. Labofine offers\u00a0stability testing services\u00a0that will assess all conditions for your development sufficiently.\u00a0Contact us\u00a0and set up an appointment today! Stability Testing The purpose of stability testing is to&hellip;<\/p>","protected":false},"author":12,"featured_media":1530,"parent":0,"menu_order":0,"comment_status":"closed","ping_status":"closed","template":"","meta":{"footnotes":""},"yoast_head":"<!-- This site is optimized with the Yoast SEO plugin v22.7 - https:\/\/yoast.com\/wordpress\/plugins\/seo\/ -->\n<title>Labofine Offers Stability Testing Services - Labofine<\/title>\n<meta name=\"robots\" content=\"index, follow, max-snippet:-1, max-image-preview:large, max-video-preview:-1\" \/>\n<link rel=\"canonical\" href=\"https:\/\/www.labofine.com\/fr\/labofine-offers-stability-testing-services\/\" \/>\n<meta property=\"og:locale\" content=\"fr_CA\" \/>\n<meta property=\"og:type\" content=\"article\" \/>\n<meta property=\"og:title\" content=\"Labofine Offers Stability Testing Services - Labofine\" \/>\n<meta property=\"og:description\" content=\"Connect With Us Stability is when you have a product and want to know the shelf life. Many external factors influence the quality of a product or substance. Labofine offers\u00a0stability testing services\u00a0that will assess all conditions for your development sufficiently.\u00a0Contact us\u00a0and set up an appointment today! Stability Testing The purpose of stability testing is to&hellip;\" \/>\n<meta property=\"og:url\" content=\"https:\/\/www.labofine.com\/fr\/labofine-offers-stability-testing-services\/\" \/>\n<meta property=\"og:site_name\" content=\"Labofine\" \/>\n<meta property=\"article:modified_time\" content=\"2022-03-03T17:56:41+00:00\" \/>\n<meta property=\"og:image\" content=\"https:\/\/www.labofine.com\/wp-content\/uploads\/2022\/02\/Website-Hero-BG.jpg\" \/>\n\t<meta property=\"og:image:width\" content=\"1920\" \/>\n\t<meta property=\"og:image:height\" content=\"1000\" \/>\n\t<meta property=\"og:image:type\" content=\"image\/jpeg\" \/>\n<meta name=\"twitter:card\" content=\"summary_large_image\" \/>\n<meta name=\"twitter:label1\" content=\"Estimation du temps de lecture\" \/>\n\t<meta name=\"twitter:data1\" content=\"2 minutes\" \/>\n<script type=\"application\/ld+json\" class=\"yoast-schema-graph\">{\"@context\":\"https:\/\/schema.org\",\"@graph\":[{\"@type\":\"WebPage\",\"@id\":\"https:\/\/www.labofine.com\/labofine-offers-stability-testing-services\/\",\"url\":\"https:\/\/www.labofine.com\/labofine-offers-stability-testing-services\/\",\"name\":\"Labofine Offers Stability Testing Services - Labofine\",\"isPartOf\":{\"@id\":\"https:\/\/www.labofine.com\/#website\"},\"primaryImageOfPage\":{\"@id\":\"https:\/\/www.labofine.com\/labofine-offers-stability-testing-services\/#primaryimage\"},\"image\":{\"@id\":\"https:\/\/www.labofine.com\/labofine-offers-stability-testing-services\/#primaryimage\"},\"thumbnailUrl\":\"https:\/\/www.labofine.com\/wp-content\/uploads\/2022\/02\/Website-Hero-BG.jpg\",\"datePublished\":\"2022-02-22T21:05:33+00:00\",\"dateModified\":\"2022-03-03T17:56:41+00:00\",\"breadcrumb\":{\"@id\":\"https:\/\/www.labofine.com\/labofine-offers-stability-testing-services\/#breadcrumb\"},\"inLanguage\":\"fr-CA\",\"potentialAction\":[{\"@type\":\"ReadAction\",\"target\":[\"https:\/\/www.labofine.com\/labofine-offers-stability-testing-services\/\"]}]},{\"@type\":\"ImageObject\",\"inLanguage\":\"fr-CA\",\"@id\":\"https:\/\/www.labofine.com\/labofine-offers-stability-testing-services\/#primaryimage\",\"url\":\"https:\/\/www.labofine.com\/wp-content\/uploads\/2022\/02\/Website-Hero-BG.jpg\",\"contentUrl\":\"https:\/\/www.labofine.com\/wp-content\/uploads\/2022\/02\/Website-Hero-BG.jpg\",\"width\":1920,\"height\":1000,\"caption\":\"chemist\"},{\"@type\":\"BreadcrumbList\",\"@id\":\"https:\/\/www.labofine.com\/labofine-offers-stability-testing-services\/#breadcrumb\",\"itemListElement\":[{\"@type\":\"ListItem\",\"position\":1,\"name\":\"Home\",\"item\":\"https:\/\/www.labofine.com\/\"},{\"@type\":\"ListItem\",\"position\":2,\"name\":\"Labofine Offers Stability Testing Services\"}]},{\"@type\":\"WebSite\",\"@id\":\"https:\/\/www.labofine.com\/#website\",\"url\":\"https:\/\/www.labofine.com\/\",\"name\":\"Labofine\",\"description\":\"| A Tentamus Company\",\"potentialAction\":[{\"@type\":\"SearchAction\",\"target\":{\"@type\":\"EntryPoint\",\"urlTemplate\":\"https:\/\/www.labofine.com\/?s={search_term_string}\"},\"query-input\":\"required name=search_term_string\"}],\"inLanguage\":\"fr-CA\"}]}<\/script>\n<!-- \/ Yoast SEO plugin. -->","yoast_head_json":{"title":"Labofine Offers Stability Testing Services - Labofine","robots":{"index":"index","follow":"follow","max-snippet":"max-snippet:-1","max-image-preview":"max-image-preview:large","max-video-preview":"max-video-preview:-1"},"canonical":"https:\/\/www.labofine.com\/fr\/labofine-offers-stability-testing-services\/","og_locale":"fr_CA","og_type":"article","og_title":"Labofine Offers Stability Testing Services - Labofine","og_description":"Connect With Us Stability is when you have a product and want to know the shelf life. Many external factors influence the quality of a product or substance. Labofine offers\u00a0stability testing services\u00a0that will assess all conditions for your development sufficiently.\u00a0Contact us\u00a0and set up an appointment today! Stability Testing The purpose of stability testing is to&hellip;","og_url":"https:\/\/www.labofine.com\/fr\/labofine-offers-stability-testing-services\/","og_site_name":"Labofine","article_modified_time":"2022-03-03T17:56:41+00:00","og_image":[{"width":1920,"height":1000,"url":"https:\/\/www.labofine.com\/wp-content\/uploads\/2022\/02\/Website-Hero-BG.jpg","type":"image\/jpeg"}],"twitter_card":"summary_large_image","twitter_misc":{"Estimation du temps de lecture":"2 minutes"},"schema":{"@context":"https:\/\/schema.org","@graph":[{"@type":"WebPage","@id":"https:\/\/www.labofine.com\/labofine-offers-stability-testing-services\/","url":"https:\/\/www.labofine.com\/labofine-offers-stability-testing-services\/","name":"Labofine Offers Stability Testing Services - Labofine","isPartOf":{"@id":"https:\/\/www.labofine.com\/#website"},"primaryImageOfPage":{"@id":"https:\/\/www.labofine.com\/labofine-offers-stability-testing-services\/#primaryimage"},"image":{"@id":"https:\/\/www.labofine.com\/labofine-offers-stability-testing-services\/#primaryimage"},"thumbnailUrl":"https:\/\/www.labofine.com\/wp-content\/uploads\/2022\/02\/Website-Hero-BG.jpg","datePublished":"2022-02-22T21:05:33+00:00","dateModified":"2022-03-03T17:56:41+00:00","breadcrumb":{"@id":"https:\/\/www.labofine.com\/labofine-offers-stability-testing-services\/#breadcrumb"},"inLanguage":"fr-CA","potentialAction":[{"@type":"ReadAction","target":["https:\/\/www.labofine.com\/labofine-offers-stability-testing-services\/"]}]},{"@type":"ImageObject","inLanguage":"fr-CA","@id":"https:\/\/www.labofine.com\/labofine-offers-stability-testing-services\/#primaryimage","url":"https:\/\/www.labofine.com\/wp-content\/uploads\/2022\/02\/Website-Hero-BG.jpg","contentUrl":"https:\/\/www.labofine.com\/wp-content\/uploads\/2022\/02\/Website-Hero-BG.jpg","width":1920,"height":1000,"caption":"chemist"},{"@type":"BreadcrumbList","@id":"https:\/\/www.labofine.com\/labofine-offers-stability-testing-services\/#breadcrumb","itemListElement":[{"@type":"ListItem","position":1,"name":"Home","item":"https:\/\/www.labofine.com\/"},{"@type":"ListItem","position":2,"name":"Labofine Offers Stability Testing Services"}]},{"@type":"WebSite","@id":"https:\/\/www.labofine.com\/#website","url":"https:\/\/www.labofine.com\/","name":"Labofine","description":"| A Tentamus Company","potentialAction":[{"@type":"SearchAction","target":{"@type":"EntryPoint","urlTemplate":"https:\/\/www.labofine.com\/?s={search_term_string}"},"query-input":"required name=search_term_string"}],"inLanguage":"fr-CA"}]}},"_links":{"self":[{"href":"https:\/\/www.labofine.com\/fr\/wp-json\/wp\/v2\/pages\/1528"}],"collection":[{"href":"https:\/\/www.labofine.com\/fr\/wp-json\/wp\/v2\/pages"}],"about":[{"href":"https:\/\/www.labofine.com\/fr\/wp-json\/wp\/v2\/types\/page"}],"author":[{"embeddable":true,"href":"https:\/\/www.labofine.com\/fr\/wp-json\/wp\/v2\/users\/12"}],"replies":[{"embeddable":true,"href":"https:\/\/www.labofine.com\/fr\/wp-json\/wp\/v2\/comments?post=1528"}],"version-history":[{"count":4,"href":"https:\/\/www.labofine.com\/fr\/wp-json\/wp\/v2\/pages\/1528\/revisions"}],"predecessor-version":[{"id":1546,"href":"https:\/\/www.labofine.com\/fr\/wp-json\/wp\/v2\/pages\/1528\/revisions\/1546"}],"wp:featuredmedia":[{"embeddable":true,"href":"https:\/\/www.labofine.com\/fr\/wp-json\/wp\/v2\/media\/1530"}],"wp:attachment":[{"href":"https:\/\/www.labofine.com\/fr\/wp-json\/wp\/v2\/media?parent=1528"}],"curies":[{"name":"wp","href":"https:\/\/api.w.org\/{rel}","templated":true}]}}