{"id":25,"date":"2018-04-13T23:53:04","date_gmt":"2018-04-13T23:53:04","guid":{"rendered":"https:\/\/68.232.175.50\/?page_id=25"},"modified":"2022-03-03T10:44:44","modified_gmt":"2022-03-03T17:44:44","slug":"welcome","status":"publish","type":"page","link":"https:\/\/www.labofine.com\/fr\/","title":{"rendered":"Welcome"},"content":{"rendered":"<p><strong>LABOFINE<\/strong><\/p>\n\t<p>UNE SOCI\u00c9T\u00c9 DU GROUPE TENTAMUS<\/p>\n\t\t\t<a href=\"https:\/\/www.labofine.com\/fr\/contact\/\" target=\"_self\" role=\"button\" rel=\"noopener noreferrer\">\n\t\t\t\t\t\t\tCONTACTEZ-NOUS\n\t\t\t\t\t<\/a>\n\t\t\t\t<img loading=\"lazy\" decoding=\"async\" src=\"https:\/\/www.labofine.com\/wp-content\/uploads\/2024\/04\/LABOFINE-01.png\" alt=\"TRUST BADGE 1\" itemprop=\"image\" height=\"250\" width=\"250\" title=\"TRUST BADGE 1\" onerror=\"this.style.display='none'\"  \/>\n\t\t\t\t<img loading=\"lazy\" decoding=\"async\" src=\"https:\/\/www.labofine.com\/wp-content\/uploads\/2024\/04\/LABOFINE-02.png\" alt=\"TRUST BADGE 2\" itemprop=\"image\" height=\"250\" width=\"250\" title=\"TRUST BADGE 2\" onerror=\"this.style.display='none'\"  \/>\n\t\t\t\t<img loading=\"lazy\" decoding=\"async\" src=\"https:\/\/www.labofine.com\/wp-content\/uploads\/2024\/04\/LABOFINE-03.png\" alt=\"TRUST BADGE 3\" itemprop=\"image\" height=\"250\" width=\"250\" title=\"TRUST BADGE 3\" onerror=\"this.style.display='none'\"  \/>\n\t\t\t\t<img loading=\"lazy\" decoding=\"async\" src=\"https:\/\/www.labofine.com\/wp-content\/uploads\/2020\/09\/Artboard-8.png\" alt=\"Artboard 8\" itemprop=\"image\" height=\"616\" width=\"1049\" title=\"Artboard 8\" onerror=\"this.style.display='none'\"  \/>\n\t<p>QUI SOMMES-NOUS ?<\/p>\n\t<p>Labofine est un fournisseur de services d'analyses en laboratoire accr\u00e9dit\u00e9 par le \ngouvernement du Canada pour un large \u00e9ventail d'agences industrielles, institutionnelles \net gouvernementales.<\/p>\n<p>Avec pr\u00e8s de 35 ans d'exp\u00e9rience dans l'industrie, Labofine propose une large gamme de \nsolutions qui peuvent vous aider \u00e0 d\u00e9tecter, identifier et quantifier les composants \nchimiques dans les produits nutraceutiques, alimentaires et pharmaceutiques. Labofine \n(9305-6828 Qu\u00e9bec Inc.) est immatricul\u00e9e au Qu\u00e9bec et est <a href=\"https:\/\/www.tentamus.com\/\" target=\"_blank\" rel=\"noopener noreferrer\">une soci\u00e9t\u00e9 du Groupe \nTentamus.<\/a>.<\/p>\n\t\t\t<a href=\"https:\/\/www.labofine.com\/fr\/about-us\/\" target=\"_self\" role=\"button\" rel=\"noopener noreferrer\">\n\t\t\t\t\t\t\tEN APPRENDRE DAVANTAGE &gt;\n\t\t\t\t\t<\/a>\n<h2>\n\t\t<a href=\"https:\/\/www.labofine.com\/fr\/solutions\/nutraceuticals\/\" title=\"Les compl\u00e9ments alimentaires\" target=\"_self\" rel=\"noopener noreferrer\">\n\t\tLes compl\u00e9ments alimentaires\n\t\t<\/a>\n\t<\/h2>\n<h2>\n\t\t<a href=\"https:\/\/www.labofine.com\/fr\/solutions\/cosmetics\/\" title=\"Les cosm\u00e9tiques\" target=\"_self\" rel=\"noopener noreferrer\">\n\t\tLes cosm\u00e9tiques\n\t\t<\/a>\n\t<\/h2>\n<h2>\n\t\t<a href=\"https:\/\/www.labofine.com\/fr\/solutions\/pharmaceuticals\/\" title=\"Les produits pharmaceutiques\" target=\"_self\" rel=\"noopener noreferrer\">\n\t\tLes produits pharmaceutiques\n\t\t<\/a>\n\t<\/h2>\n<h2>\n\t\t<a href=\"https:\/\/www.labofine.com\/fr\/solutions\/nutritional-labeling\/\" title=\"\u00c9tiquetage nutritionnel\" target=\"_self\" rel=\"noopener noreferrer\">\n\t\t\u00c9tiquetage nutritionnel\n\t\t<\/a>\n\t<\/h2>\n\t<p>NOTRE \u00c9TABLISSEMENT<\/p>\n\t<p>Nous sommes situ\u00e9es \u00e0 Pointe-Claire, pr\u00e8s de Montr\u00e9al (Qu\u00e9bec) Canada. Le b\u00e2timent \nque nous occupons est d\u2019une superficie de 60 000 pieds carr\u00e9s.<\/p>\n<p>Nos installations sont \u00e9quip\u00e9es d\u2019un syst\u00e8me de purification d\u2019eau USP \u00e0 l'\u00e9chelle du \nb\u00e2timent, un autoclave \u00e0 double porte et un g\u00e9n\u00e9rateur de secours.<\/p>\n<p>Nos \u00e9quipements informatiques et de laboratoires sont pris en charge par des batteries \nUPS g\u00e9n\u00e9ratrices de secours et toutes les donn\u00e9es g\u00e9n\u00e9r\u00e9es \u00e9lectroniquement sont \ns\u00e9curis\u00e9es par une technologie de pointe.<\/p>\n\t\t\t<a href=\"https:\/\/www.labofine.com\/fr\/contact\/\" target=\"_self\" role=\"button\" rel=\"noopener noreferrer\">\n\t\t\t\t\t\t\tEN APPRENDRE DAVANTAGE &gt;\n\t\t\t\t\t<\/a>\n\t\t\t\t<img loading=\"lazy\" decoding=\"async\" src=\"https:\/\/www.labofine.com\/wp-content\/uploads\/2020\/09\/Artboard-7.png\" alt=\"Artboard 7\" itemprop=\"image\" height=\"1000\" width=\"1000\" title=\"Artboard 7\" onerror=\"this.style.display='none'\"  \/>\n\t<p>Accr\u00e9ditations<\/p>\n\t\t\t\t<a href=\"https:\/\/www.canada.ca\/fr\/sante-canada.html\" target=\"_blank\" rel=\"noopener noreferrer\" itemprop=\"url\">\n\t\t\t\t<img loading=\"lazy\" decoding=\"async\" src=\"https:\/\/www.labofine.com\/wp-content\/uploads\/2020\/09\/Artboard-1.png\" alt=\"Artboard 1\" itemprop=\"image\" height=\"70\" width=\"265\" title=\"Artboard 1\" onerror=\"this.style.display='none'\"  \/>\n\t\t\t\t<\/a>\n\t\t\t\t<a href=\"https:\/\/www.fda.gov\/\" target=\"_blank\" rel=\"noopener noreferrer\" itemprop=\"url\">\n\t\t\t\t<img loading=\"lazy\" decoding=\"async\" src=\"https:\/\/www.labofine.com\/wp-content\/uploads\/2020\/09\/Artboard-2.png\" alt=\"Artboard 2\" itemprop=\"image\" height=\"70\" width=\"112\" title=\"Artboard 2\" onerror=\"this.style.display='none'\"  \/>\n\t\t\t\t<\/a>\n\t\t\t\t<a href=\"https:\/\/www.iso.org\/ISO-IEC-17025-testing-and-calibration-laboratories.html\" target=\"_blank\" rel=\"noopener noreferrer\" itemprop=\"url\">\n\t\t\t\t<img loading=\"lazy\" decoding=\"async\" src=\"https:\/\/www.labofine.com\/wp-content\/uploads\/2020\/09\/Artboard-3.png\" alt=\"Artboard 3\" itemprop=\"image\" height=\"70\" width=\"84\" title=\"Artboard 3\" onerror=\"this.style.display='none'\"  \/>\n\t\t\t\t<\/a>\n\t\t\t\t<a href=\"https:\/\/ispe.org\/initiatives\/regulatory-resources\/gmp\/what-is-gmp\" target=\"_blank\" rel=\"noopener noreferrer\" itemprop=\"url\">\n\t\t\t\t<img loading=\"lazy\" decoding=\"async\" src=\"https:\/\/www.labofine.com\/wp-content\/uploads\/2020\/09\/Artboard-4.png\" alt=\"Artboard 4\" itemprop=\"image\" height=\"70\" width=\"78\" title=\"Artboard 4\" onerror=\"this.style.display='none'\"  \/>\n\t\t\t\t<\/a>\n\t\t\t\t<a href=\"https:\/\/www.aoac.org\/\" target=\"_blank\" rel=\"noopener noreferrer\" itemprop=\"url\">\n\t\t\t\t<img loading=\"lazy\" decoding=\"async\" src=\"https:\/\/www.labofine.com\/wp-content\/uploads\/2020\/09\/Artboard-5.png\" alt=\"Artboard 5\" itemprop=\"image\" height=\"70\" width=\"92\" title=\"Artboard 5\" onerror=\"this.style.display='none'\"  \/>\n\t\t\t\t<\/a>\n\t<p>LABOFINE<\/p>\n\t<p>Commencez avec nous d\u00e8s aujourd'hui<\/p>\n<script type=\"text\/javascript\">var gform;gform||(document.addEventListener(\"gform_main_scripts_loaded\",function(){gform.scriptsLoaded=!0}),window.addEventListener(\"DOMContentLoaded\",function(){gform.domLoaded=!0}),gform={domLoaded:!1,scriptsLoaded:!1,initializeOnLoaded:function(o){gform.domLoaded&&gform.scriptsLoaded?o():!gform.domLoaded&&gform.scriptsLoaded?window.addEventListener(\"DOMContentLoaded\",o):document.addEventListener(\"gform_main_scripts_loaded\",o)},hooks:{action:{},filter:{}},addAction:function(o,n,r,t){gform.addHook(\"action\",o,n,r,t)},addFilter:function(o,n,r,t){gform.addHook(\"filter\",o,n,r,t)},doAction:function(o){gform.doHook(\"action\",o,arguments)},applyFilters:function(o){return gform.doHook(\"filter\",o,arguments)},removeAction:function(o,n){gform.removeHook(\"action\",o,n)},removeFilter:function(o,n,r){gform.removeHook(\"filter\",o,n,r)},addHook:function(o,n,r,t,i){null==gform.hooks[o][n]&&(gform.hooks[o][n]=[]);var e=gform.hooks[o][n];null==i&&(i=n+\"_\"+e.length),gform.hooks[o][n].push({tag:i,callable:r,priority:t=null==t?10:t})},doHook:function(n,o,r){var t;if(r=Array.prototype.slice.call(r,1),null!=gform.hooks[n][o]&&((o=gform.hooks[n][o]).sort(function(o,n){return o.priority-n.priority}),o.forEach(function(o){\"function\"!=typeof(t=o.callable)&&(t=window[t]),\"action\"==n?t.apply(null,r):r[0]=t.apply(null,r)})),\"filter\"==n)return r[0]},removeHook:function(o,n,t,i){var r;null!=gform.hooks[o][n]&&(r=(r=gform.hooks[o][n]).filter(function(o,n,r){return!!(null!=i&&i!=o.tag||null!=t&&t!=o.priority)}),gform.hooks[o][n]=r)}});<\/script>\n                <div class='gf_browser_gecko gform_wrapper gform_legacy_markup_wrapper gform-theme--no-framework' data-form-theme='legacy' data-form-index='0' id='gform_wrapper_1' style='display:none'><form method='post' enctype='multipart\/form-data'  id='gform_1'  action='\/fr\/wp-json\/wp\/v2\/pages\/25' data-formid='1' novalidate data-trp-original-action=\"\/fr\/wp-json\/wp\/v2\/pages\/25\">\n                        <div class='gform-body gform_body'><ul id='gform_fields_1' class='gform_fields top_label form_sublabel_below description_below validation_below'><li id=\"field_1_1\" class=\"gfield gfield--type-name gfield--input-type-name field_sublabel_below gfield--no-description field_description_below field_validation_below gfield_visibility_visible\"  data-js-reload=\"field_1_1\" ><label class='gfield_label gform-field-label gfield_label_before_complex' >Nom<\/label><div class='ginput_complex ginput_container ginput_container--name no_prefix has_first_name no_middle_name has_last_name no_suffix gf_name_has_2 ginput_container_name gform-grid-row' id='input_1_1'>\n                            \n                            <span id='input_1_1_3_container' class='name_first gform-grid-col gform-grid-col--size-auto' >\n                                                    <input type='text' name='input_1.3' id='input_1_1_3' value=''   aria-required='false'     \/>\n                                                    <label for='input_1_1_3' class='gform-field-label gform-field-label--type-sub'>First<\/label>\n                                                <\/span>\n                            \n                            <span id='input_1_1_6_container' class='name_last gform-grid-col gform-grid-col--size-auto' >\n                                                    <input type='text' name='input_1.6' id='input_1_1_6' value=''   aria-required='false'     \/>\n                                                    <label for='input_1_1_6' class='gform-field-label gform-field-label--type-sub'>Last<\/label>\n                                                <\/span>\n                            \n                        <\/div><\/li><li id=\"field_1_2\" class=\"gfield gfield--type-email gfield--input-type-email gf_left_half field_sublabel_below gfield--no-description field_description_below field_validation_below gfield_visibility_visible\"  data-js-reload=\"field_1_2\" ><label class='gfield_label gform-field-label' for='input_1_2'>Email<\/label><div class='ginput_container ginput_container_email'>\n                            <input name='input_2' id='input_1_2' type='email' value='' class='medium'     aria-invalid=\"false\"  \/>\n                        <\/div><\/li><li id=\"field_1_3\" class=\"gfield gfield--type-phone gfield--input-type-phone gf_right_half field_sublabel_below gfield--no-description field_description_below field_validation_below gfield_visibility_visible\"  data-js-reload=\"field_1_3\" ><label class='gfield_label gform-field-label' for='input_1_3'>T\u00e9l\u00e9phone<\/label><div class='ginput_container ginput_container_phone'><input name='input_3' id='input_1_3' type='tel' value='' class='medium'    aria-invalid=\"false\"   \/><\/div><\/li><li id=\"field_1_5\" class=\"gfield gfield--type-text gfield--input-type-text field_sublabel_below gfield--no-description field_description_below field_validation_below gfield_visibility_visible\"  data-js-reload=\"field_1_5\" ><label class='gfield_label gform-field-label' for='input_1_5'>Company<\/label><div class='ginput_container ginput_container_text'><input name='input_5' id='input_1_5' type='text' value='' class='medium'      aria-invalid=\"false\"   \/> <\/div><\/li><li id=\"field_1_4\" class=\"gfield gfield--type-textarea gfield--input-type-textarea field_sublabel_below gfield--no-description field_description_below field_validation_below gfield_visibility_visible\"  data-js-reload=\"field_1_4\" ><label class='gfield_label gform-field-label' for='input_1_4'>Questions ou commentaires<\/label><div class='ginput_container ginput_container_textarea'><textarea name='input_4' id='input_1_4' class='textarea medium'      aria-invalid=\"false\"   rows='10' cols='50'><\/textarea><\/div><\/li><li id=\"field_1_6\" class=\"gfield gfield--type-honeypot gform_validation_container field_sublabel_below gfield--has-description field_description_below field_validation_below gfield_visibility_visible\"  data-js-reload=\"field_1_6\" ><label class='gfield_label gform-field-label' for='input_1_6'>Nom<\/label><div class='ginput_container'><input name='input_6' id='input_1_6' type='text' value='' autocomplete='new-password'\/><\/div><div class='gfield_description' id='gfield_description_1_6'>Ce champ n\u2019est utilis\u00e9 qu\u2019\u00e0 des fins de validation et devrait rester inchang\u00e9.<\/div><\/li><\/ul><\/div>\n        <div class='gform_footer top_label'> <input type='submit' id='gform_submit_button_1' class='gform_button button' value='Download My Free Guide'  onclick='if(window[\"gf_submitting_1\"]){return false;}  if( !jQuery(\"#gform_1\")[0].checkValidity || jQuery(\"#gform_1\")[0].checkValidity()){window[\"gf_submitting_1\"]=true;}  ' onkeypress='if( event.keyCode == 13 ){ if(window[\"gf_submitting_1\"]){return false;} if( !jQuery(\"#gform_1\")[0].checkValidity || jQuery(\"#gform_1\")[0].checkValidity()){window[\"gf_submitting_1\"]=true;}  jQuery(\"#gform_1\").trigger(\"submit\",[true]); }' \/> \n            <input type='hidden' class='gform_hidden' name='is_submit_1' value='1' \/>\n            <input type='hidden' class='gform_hidden' name='gform_submit' value='1' \/>\n            \n            <input type='hidden' class='gform_hidden' name='gform_unique_id' value='' \/>\n            <input type='hidden' class='gform_hidden' name='state_1' value='WyJbXSIsIjEzMjg3YjIwYmI0OGQzMDQ3NjFhMTk5ZjgzODVmZmI5Il0=' \/>\n            <input type='hidden' class='gform_hidden' name='gform_target_page_number_1' id='gform_target_page_number_1' value='0' \/>\n            <input type='hidden' class='gform_hidden' name='gform_source_page_number_1' id='gform_source_page_number_1' value='1' \/>\n            <input type='hidden' name='gform_field_values' value='' \/>\n            \n        <\/div>\n                        <input type=\"hidden\" name=\"trp-form-language\" value=\"fr\"\/><\/form>\n                        <\/div><script>\ngform.initializeOnLoaded( function() {gformInitSpinner( 1, 'https:\/\/www.labofine.com\/wp-content\/plugins\/gravityforms\/images\/spinner.svg', true );jQuery('#gform_ajax_frame_1').on('load',function(){var contents = jQuery(this).contents().find('*').html();var is_postback = contents.indexOf('GF_AJAX_POSTBACK') >= 0;if(!is_postback){return;}var form_content = jQuery(this).contents().find('#gform_wrapper_1');var is_confirmation = jQuery(this).contents().find('#gform_confirmation_wrapper_1').length > 0;var is_redirect = contents.indexOf('gformRedirect(){') >= 0;var is_form = form_content.length > 0 && ! is_redirect && ! is_confirmation;var mt = parseInt(jQuery('html').css('margin-top'), 10) + parseInt(jQuery('body').css('margin-top'), 10) + 100;if(is_form){form_content.find('form').css('opacity', 0);jQuery('#gform_wrapper_1').html(form_content.html());if(form_content.hasClass('gform_validation_error')){jQuery('#gform_wrapper_1').addClass('gform_validation_error');} else {jQuery('#gform_wrapper_1').removeClass('gform_validation_error');}setTimeout( function() { \/* delay the scroll by 50 milliseconds to fix a bug in chrome *\/  }, 50 );if(window['gformInitDatepicker']) {gformInitDatepicker();}if(window['gformInitPriceFields']) {gformInitPriceFields();}var current_page = jQuery('#gform_source_page_number_1').val();gformInitSpinner( 1, 'https:\/\/www.labofine.com\/wp-content\/plugins\/gravityforms\/images\/spinner.svg', true );jQuery(document).trigger('gform_page_loaded', [1, current_page]);window['gf_submitting_1'] = false;}else if(!is_redirect){var confirmation_content = jQuery(this).contents().find('.GF_AJAX_POSTBACK').html();if(!confirmation_content){confirmation_content = contents;}jQuery('#gform_wrapper_1').replaceWith(confirmation_content);jQuery(document).trigger('gform_confirmation_loaded', [1]);window['gf_submitting_1'] = false;wp.a11y.speak(jQuery('#gform_confirmation_message_1').text());}else{jQuery('#gform_1').append(contents);if(window['gformRedirect']) {gformRedirect();}}jQuery(document).trigger(\"gform_pre_post_render\", [{ formId: \"1\", currentPage: \"current_page\", abort: function() { this.preventDefault(); } }]);                if (event.defaultPrevented) {                return;         }        const gformWrapperDiv = document.getElementById( \"gform_wrapper_1\" );        if ( gformWrapperDiv ) {            const visibilitySpan = document.createElement( \"span\" );            visibilitySpan.id = \"gform_visibility_test_1\";            gformWrapperDiv.insertAdjacentElement( \"afterend\", visibilitySpan );        }        const visibilityTestDiv = document.getElementById( \"gform_visibility_test_1\" );        let postRenderFired = false;                function triggerPostRender() {            if ( postRenderFired ) {                return;            }            postRenderFired = true;            jQuery( document ).trigger( 'gform_post_render', [1, current_page] );            gform.utils.trigger( { event: 'gform\/postRender', native: false, data: { formId: 1, currentPage: current_page } } );            if ( visibilityTestDiv ) {                visibilityTestDiv.parentNode.removeChild( visibilityTestDiv );            }        }        function debounce( func, wait, immediate ) {            var timeout;            return function() {                var context = this, args = arguments;                var later = function() {                    timeout = null;                    if ( !immediate ) func.apply( context, args );                };                var callNow = immediate && !timeout;                clearTimeout( timeout );                timeout = setTimeout( later, wait );                if ( callNow ) func.apply( context, args );            };        }        const debouncedTriggerPostRender = debounce( function() {            triggerPostRender();        }, 200 );        if ( visibilityTestDiv && visibilityTestDiv.offsetParent === null ) {            const observer = new MutationObserver( ( mutations ) => {                mutations.forEach( ( mutation ) => {                    if ( mutation.type === 'attributes' && visibilityTestDiv.offsetParent !== null ) {                        debouncedTriggerPostRender();                        observer.disconnect();                    }                });            });            observer.observe( document.body, {                attributes: true,                childList: false,                subtree: true,                attributeFilter: [ 'style', 'class' ],            });        } else {            triggerPostRender();        }    } );} );\n<\/script>","protected":false},"excerpt":{"rendered":"<p>LABOFINE A TENTAMUS COMPANY GET IN TOUCH > WHO ARE WE? Labofine\u00a0is\u00a0a\u00a0government-accredited analytical laboratory testing services\u00a0provider\u00a0for a broad range of industrial, institutional and governmental agencies. With nearly 35 years of industry experience, Labofine provides wide range of solutions that can help you detect, identify and quantify trace-level chemical components in Nutraceutical, Food and Pharmaceutical products.&hellip;<\/p>","protected":false},"author":12,"featured_media":0,"parent":0,"menu_order":0,"comment_status":"closed","ping_status":"closed","template":"","meta":{"footnotes":""},"yoast_head":"<!-- This site is optimized with the Yoast SEO plugin v22.7 - https:\/\/yoast.com\/wordpress\/plugins\/seo\/ -->\n<title>Welcome - Labofine<\/title>\n<meta name=\"robots\" content=\"index, follow, max-snippet:-1, max-image-preview:large, max-video-preview:-1\" \/>\n<link rel=\"canonical\" href=\"https:\/\/www.labofine.com\/fr\/\" \/>\n<meta property=\"og:locale\" content=\"fr_CA\" \/>\n<meta property=\"og:type\" content=\"article\" \/>\n<meta property=\"og:title\" content=\"Welcome - Labofine\" \/>\n<meta property=\"og:description\" content=\"LABOFINE A TENTAMUS COMPANY GET IN TOUCH &gt; WHO ARE WE? Labofine\u00a0is\u00a0a\u00a0government-accredited analytical laboratory testing services\u00a0provider\u00a0for a broad range of industrial, institutional and governmental agencies. With nearly 35 years of industry experience, Labofine provides wide range of solutions that can help you detect, identify and quantify trace-level chemical components in Nutraceutical, Food and Pharmaceutical products.&hellip;\" \/>\n<meta property=\"og:url\" content=\"https:\/\/www.labofine.com\/fr\/\" \/>\n<meta property=\"og:site_name\" content=\"Labofine\" \/>\n<meta property=\"article:modified_time\" content=\"2022-03-03T17:44:44+00:00\" \/>\n<meta property=\"og:image\" content=\"https:\/\/www.labofine.com\/wp-content\/uploads\/2020\/11\/TRUST-BADGE-1.png\" \/>\n<meta name=\"twitter:card\" content=\"summary_large_image\" \/>\n<meta name=\"twitter:label1\" content=\"Estimation du temps de lecture\" \/>\n\t<meta name=\"twitter:data1\" content=\"1 minute\" \/>\n<script type=\"application\/ld+json\" class=\"yoast-schema-graph\">{\"@context\":\"https:\/\/schema.org\",\"@graph\":[{\"@type\":\"WebPage\",\"@id\":\"https:\/\/www.labofine.com\/\",\"url\":\"https:\/\/www.labofine.com\/\",\"name\":\"Welcome - Labofine\",\"isPartOf\":{\"@id\":\"https:\/\/www.labofine.com\/#website\"},\"primaryImageOfPage\":{\"@id\":\"https:\/\/www.labofine.com\/#primaryimage\"},\"image\":{\"@id\":\"https:\/\/www.labofine.com\/#primaryimage\"},\"thumbnailUrl\":\"https:\/\/www.labofine.com\/wp-content\/uploads\/2020\/11\/TRUST-BADGE-1.png\",\"datePublished\":\"2018-04-13T23:53:04+00:00\",\"dateModified\":\"2022-03-03T17:44:44+00:00\",\"breadcrumb\":{\"@id\":\"https:\/\/www.labofine.com\/#breadcrumb\"},\"inLanguage\":\"fr-CA\",\"potentialAction\":[{\"@type\":\"ReadAction\",\"target\":[\"https:\/\/www.labofine.com\/\"]}]},{\"@type\":\"ImageObject\",\"inLanguage\":\"fr-CA\",\"@id\":\"https:\/\/www.labofine.com\/#primaryimage\",\"url\":\"https:\/\/www.labofine.com\/wp-content\/uploads\/2020\/11\/TRUST-BADGE-1.png\",\"contentUrl\":\"https:\/\/www.labofine.com\/wp-content\/uploads\/2020\/11\/TRUST-BADGE-1.png\"},{\"@type\":\"BreadcrumbList\",\"@id\":\"https:\/\/www.labofine.com\/#breadcrumb\",\"itemListElement\":[{\"@type\":\"ListItem\",\"position\":1,\"name\":\"Home\",\"item\":\"https:\/\/www.labofine.com\/\"},{\"@type\":\"ListItem\",\"position\":2,\"name\":\"Welcome\"}]},{\"@type\":\"WebSite\",\"@id\":\"https:\/\/www.labofine.com\/#website\",\"url\":\"https:\/\/www.labofine.com\/\",\"name\":\"Labofine\",\"description\":\"| A Tentamus Company\",\"potentialAction\":[{\"@type\":\"SearchAction\",\"target\":{\"@type\":\"EntryPoint\",\"urlTemplate\":\"https:\/\/www.labofine.com\/?s={search_term_string}\"},\"query-input\":\"required name=search_term_string\"}],\"inLanguage\":\"fr-CA\"}]}<\/script>\n<!-- \/ Yoast SEO plugin. -->","yoast_head_json":{"title":"Welcome - Labofine","robots":{"index":"index","follow":"follow","max-snippet":"max-snippet:-1","max-image-preview":"max-image-preview:large","max-video-preview":"max-video-preview:-1"},"canonical":"https:\/\/www.labofine.com\/fr\/","og_locale":"fr_CA","og_type":"article","og_title":"Welcome - Labofine","og_description":"LABOFINE A TENTAMUS COMPANY GET IN TOUCH > WHO ARE WE? Labofine\u00a0is\u00a0a\u00a0government-accredited analytical laboratory testing services\u00a0provider\u00a0for a broad range of industrial, institutional and governmental agencies. With nearly 35 years of industry experience, Labofine provides wide range of solutions that can help you detect, identify and quantify trace-level chemical components in Nutraceutical, Food and Pharmaceutical products.&hellip;","og_url":"https:\/\/www.labofine.com\/fr\/","og_site_name":"Labofine","article_modified_time":"2022-03-03T17:44:44+00:00","og_image":[{"url":"https:\/\/www.labofine.com\/wp-content\/uploads\/2020\/11\/TRUST-BADGE-1.png"}],"twitter_card":"summary_large_image","twitter_misc":{"Estimation du temps de lecture":"1 minute"},"schema":{"@context":"https:\/\/schema.org","@graph":[{"@type":"WebPage","@id":"https:\/\/www.labofine.com\/","url":"https:\/\/www.labofine.com\/","name":"Welcome - Labofine","isPartOf":{"@id":"https:\/\/www.labofine.com\/#website"},"primaryImageOfPage":{"@id":"https:\/\/www.labofine.com\/#primaryimage"},"image":{"@id":"https:\/\/www.labofine.com\/#primaryimage"},"thumbnailUrl":"https:\/\/www.labofine.com\/wp-content\/uploads\/2020\/11\/TRUST-BADGE-1.png","datePublished":"2018-04-13T23:53:04+00:00","dateModified":"2022-03-03T17:44:44+00:00","breadcrumb":{"@id":"https:\/\/www.labofine.com\/#breadcrumb"},"inLanguage":"fr-CA","potentialAction":[{"@type":"ReadAction","target":["https:\/\/www.labofine.com\/"]}]},{"@type":"ImageObject","inLanguage":"fr-CA","@id":"https:\/\/www.labofine.com\/#primaryimage","url":"https:\/\/www.labofine.com\/wp-content\/uploads\/2020\/11\/TRUST-BADGE-1.png","contentUrl":"https:\/\/www.labofine.com\/wp-content\/uploads\/2020\/11\/TRUST-BADGE-1.png"},{"@type":"BreadcrumbList","@id":"https:\/\/www.labofine.com\/#breadcrumb","itemListElement":[{"@type":"ListItem","position":1,"name":"Home","item":"https:\/\/www.labofine.com\/"},{"@type":"ListItem","position":2,"name":"Welcome"}]},{"@type":"WebSite","@id":"https:\/\/www.labofine.com\/#website","url":"https:\/\/www.labofine.com\/","name":"Labofine","description":"| A Tentamus Company","potentialAction":[{"@type":"SearchAction","target":{"@type":"EntryPoint","urlTemplate":"https:\/\/www.labofine.com\/?s={search_term_string}"},"query-input":"required name=search_term_string"}],"inLanguage":"fr-CA"}]}},"_links":{"self":[{"href":"https:\/\/www.labofine.com\/fr\/wp-json\/wp\/v2\/pages\/25"}],"collection":[{"href":"https:\/\/www.labofine.com\/fr\/wp-json\/wp\/v2\/pages"}],"about":[{"href":"https:\/\/www.labofine.com\/fr\/wp-json\/wp\/v2\/types\/page"}],"author":[{"embeddable":true,"href":"https:\/\/www.labofine.com\/fr\/wp-json\/wp\/v2\/users\/12"}],"replies":[{"embeddable":true,"href":"https:\/\/www.labofine.com\/fr\/wp-json\/wp\/v2\/comments?post=25"}],"version-history":[{"count":67,"href":"https:\/\/www.labofine.com\/fr\/wp-json\/wp\/v2\/pages\/25\/revisions"}],"predecessor-version":[{"id":1541,"href":"https:\/\/www.labofine.com\/fr\/wp-json\/wp\/v2\/pages\/25\/revisions\/1541"}],"wp:attachment":[{"href":"https:\/\/www.labofine.com\/fr\/wp-json\/wp\/v2\/media?parent=25"}],"curies":[{"name":"wp","href":"https:\/\/api.w.org\/{rel}","templated":true}]}}