{"id":26,"date":"2018-04-13T23:53:04","date_gmt":"2018-04-13T23:53:04","guid":{"rendered":"https:\/\/68.232.175.50\/?page_id=26"},"modified":"2020-09-30T09:05:10","modified_gmt":"2020-09-30T15:05:10","slug":"about-us","status":"publish","type":"page","link":"https:\/\/www.labofine.com\/fr\/about-us\/","title":{"rendered":"\u00c0 propos de nous"},"content":{"rendered":"<div class=\"row\"><div class=\"col-sm-6\">\n<p><img loading=\"lazy\" decoding=\"async\" class=\"size-full wp-image-983 aligncenter\" src=\"https:\/\/www.labofine.com\/wp-content\/uploads\/2020\/09\/lab-tech.png\" alt=\"\" width=\"472\" height=\"321\" srcset=\"https:\/\/www.labofine.com\/wp-content\/uploads\/2020\/09\/lab-tech.png 472w, https:\/\/www.labofine.com\/wp-content\/uploads\/2020\/09\/lab-tech-300x204.png 300w\" sizes=\"(max-width: 472px) 100vw, 472px\" \/><\/p>\n<p><\/p><\/div><div class=\"col-sm-6\">\n<p>Notre \u00e9quipe est compos\u00e9e de scientifiques \nform\u00e9s et hautement qualifi\u00e9s. Nous \nencourageons nos scientifiques \u00e0 publier des \narticles sur certaines de nos m\u00e9thodes non \nconfidentielles de recherche et de test.<\/p>\n<p>Notre programme d'assurance qualit\u00e9 r\u00e9pond aux \nnormes 21CFR211 (GMP) et ISO 17025. Nous \nsommes un laboratoire d'analyse accr\u00e9dit\u00e9 par \nSant\u00e9 Canada et enregistr\u00e9 aupr\u00e8s de la FDA.<\/p>\n<p>De plus, nous participons r\u00e9guli\u00e8rement \u00e0 des \n\u00e9tudes d'\u00e9valuation de la performance. Chez \nLabofine, nous consid\u00e9rons que la qualit\u00e9 de \nnotre travail est une condition pr\u00e9alable pour \nr\u00e9pondre aux besoins de nos clients. Chaque \nminute de chaque jour, nos instruments GC, \nGC\/MS, LC et ICP\/MS pr\u00e9-test\u00e9s et pr\u00eats \u00e0 \nl'emploi, nos m\u00e9thodes de test valid\u00e9es et nos \nscientifiques form\u00e9s vous aideront \u00e0 am\u00e9liorer la \nsensibilit\u00e9, la pr\u00e9cision et la rapidit\u00e9 de vos tests \nanalytiques de routine, et \u00e0 garder une longueur \nd'avance sur les d\u00e9fis de ce march\u00e9 complexe.<\/p>\n<p><\/p><\/div><\/div>","protected":false},"excerpt":{"rendered":"","protected":false},"author":12,"featured_media":0,"parent":0,"menu_order":0,"comment_status":"closed","ping_status":"closed","template":"","meta":{"footnotes":""},"yoast_head":"<!-- This site is optimized with the Yoast SEO plugin v22.7 - https:\/\/yoast.com\/wordpress\/plugins\/seo\/ -->\n<title>About Us - Labofine<\/title>\n<meta name=\"robots\" content=\"index, follow, max-snippet:-1, max-image-preview:large, max-video-preview:-1\" \/>\n<link rel=\"canonical\" href=\"https:\/\/www.labofine.com\/fr\/about-us\/\" \/>\n<meta property=\"og:locale\" content=\"fr_CA\" \/>\n<meta property=\"og:type\" content=\"article\" \/>\n<meta property=\"og:title\" content=\"About Us - Labofine\" \/>\n<meta property=\"og:url\" content=\"https:\/\/www.labofine.com\/fr\/about-us\/\" \/>\n<meta property=\"og:site_name\" content=\"Labofine\" \/>\n<meta property=\"article:modified_time\" content=\"2020-09-30T15:05:10+00:00\" \/>\n<meta property=\"og:image\" content=\"https:\/\/www.labofine.com\/wp-content\/uploads\/2020\/09\/lab-tech.png\" \/>\n<meta name=\"twitter:card\" content=\"summary_large_image\" \/>\n<meta name=\"twitter:label1\" content=\"Estimation du temps de lecture\" \/>\n\t<meta name=\"twitter:data1\" content=\"1 minute\" \/>\n<script type=\"application\/ld+json\" class=\"yoast-schema-graph\">{\"@context\":\"https:\/\/schema.org\",\"@graph\":[{\"@type\":\"WebPage\",\"@id\":\"https:\/\/www.labofine.com\/about-us\/\",\"url\":\"https:\/\/www.labofine.com\/about-us\/\",\"name\":\"About Us - Labofine\",\"isPartOf\":{\"@id\":\"https:\/\/www.labofine.com\/#website\"},\"primaryImageOfPage\":{\"@id\":\"https:\/\/www.labofine.com\/about-us\/#primaryimage\"},\"image\":{\"@id\":\"https:\/\/www.labofine.com\/about-us\/#primaryimage\"},\"thumbnailUrl\":\"https:\/\/www.labofine.com\/wp-content\/uploads\/2020\/09\/lab-tech.png\",\"datePublished\":\"2018-04-13T23:53:04+00:00\",\"dateModified\":\"2020-09-30T15:05:10+00:00\",\"breadcrumb\":{\"@id\":\"https:\/\/www.labofine.com\/about-us\/#breadcrumb\"},\"inLanguage\":\"fr-CA\",\"potentialAction\":[{\"@type\":\"ReadAction\",\"target\":[\"https:\/\/www.labofine.com\/about-us\/\"]}]},{\"@type\":\"ImageObject\",\"inLanguage\":\"fr-CA\",\"@id\":\"https:\/\/www.labofine.com\/about-us\/#primaryimage\",\"url\":\"https:\/\/www.labofine.com\/wp-content\/uploads\/2020\/09\/lab-tech.png\",\"contentUrl\":\"https:\/\/www.labofine.com\/wp-content\/uploads\/2020\/09\/lab-tech.png\"},{\"@type\":\"BreadcrumbList\",\"@id\":\"https:\/\/www.labofine.com\/about-us\/#breadcrumb\",\"itemListElement\":[{\"@type\":\"ListItem\",\"position\":1,\"name\":\"Home\",\"item\":\"https:\/\/www.labofine.com\/\"},{\"@type\":\"ListItem\",\"position\":2,\"name\":\"About Us\"}]},{\"@type\":\"WebSite\",\"@id\":\"https:\/\/www.labofine.com\/#website\",\"url\":\"https:\/\/www.labofine.com\/\",\"name\":\"Labofine\",\"description\":\"| A Tentamus Company\",\"potentialAction\":[{\"@type\":\"SearchAction\",\"target\":{\"@type\":\"EntryPoint\",\"urlTemplate\":\"https:\/\/www.labofine.com\/?s={search_term_string}\"},\"query-input\":\"required name=search_term_string\"}],\"inLanguage\":\"fr-CA\"}]}<\/script>\n<!-- \/ Yoast SEO plugin. -->","yoast_head_json":{"title":"About Us - Labofine","robots":{"index":"index","follow":"follow","max-snippet":"max-snippet:-1","max-image-preview":"max-image-preview:large","max-video-preview":"max-video-preview:-1"},"canonical":"https:\/\/www.labofine.com\/fr\/about-us\/","og_locale":"fr_CA","og_type":"article","og_title":"About Us - Labofine","og_url":"https:\/\/www.labofine.com\/fr\/about-us\/","og_site_name":"Labofine","article_modified_time":"2020-09-30T15:05:10+00:00","og_image":[{"url":"https:\/\/www.labofine.com\/wp-content\/uploads\/2020\/09\/lab-tech.png"}],"twitter_card":"summary_large_image","twitter_misc":{"Estimation du temps de lecture":"1 minute"},"schema":{"@context":"https:\/\/schema.org","@graph":[{"@type":"WebPage","@id":"https:\/\/www.labofine.com\/about-us\/","url":"https:\/\/www.labofine.com\/about-us\/","name":"About Us - Labofine","isPartOf":{"@id":"https:\/\/www.labofine.com\/#website"},"primaryImageOfPage":{"@id":"https:\/\/www.labofine.com\/about-us\/#primaryimage"},"image":{"@id":"https:\/\/www.labofine.com\/about-us\/#primaryimage"},"thumbnailUrl":"https:\/\/www.labofine.com\/wp-content\/uploads\/2020\/09\/lab-tech.png","datePublished":"2018-04-13T23:53:04+00:00","dateModified":"2020-09-30T15:05:10+00:00","breadcrumb":{"@id":"https:\/\/www.labofine.com\/about-us\/#breadcrumb"},"inLanguage":"fr-CA","potentialAction":[{"@type":"ReadAction","target":["https:\/\/www.labofine.com\/about-us\/"]}]},{"@type":"ImageObject","inLanguage":"fr-CA","@id":"https:\/\/www.labofine.com\/about-us\/#primaryimage","url":"https:\/\/www.labofine.com\/wp-content\/uploads\/2020\/09\/lab-tech.png","contentUrl":"https:\/\/www.labofine.com\/wp-content\/uploads\/2020\/09\/lab-tech.png"},{"@type":"BreadcrumbList","@id":"https:\/\/www.labofine.com\/about-us\/#breadcrumb","itemListElement":[{"@type":"ListItem","position":1,"name":"Home","item":"https:\/\/www.labofine.com\/"},{"@type":"ListItem","position":2,"name":"About Us"}]},{"@type":"WebSite","@id":"https:\/\/www.labofine.com\/#website","url":"https:\/\/www.labofine.com\/","name":"Labofine","description":"| A Tentamus Company","potentialAction":[{"@type":"SearchAction","target":{"@type":"EntryPoint","urlTemplate":"https:\/\/www.labofine.com\/?s={search_term_string}"},"query-input":"required name=search_term_string"}],"inLanguage":"fr-CA"}]}},"_links":{"self":[{"href":"https:\/\/www.labofine.com\/fr\/wp-json\/wp\/v2\/pages\/26"}],"collection":[{"href":"https:\/\/www.labofine.com\/fr\/wp-json\/wp\/v2\/pages"}],"about":[{"href":"https:\/\/www.labofine.com\/fr\/wp-json\/wp\/v2\/types\/page"}],"author":[{"embeddable":true,"href":"https:\/\/www.labofine.com\/fr\/wp-json\/wp\/v2\/users\/12"}],"replies":[{"embeddable":true,"href":"https:\/\/www.labofine.com\/fr\/wp-json\/wp\/v2\/comments?post=26"}],"version-history":[{"count":6,"href":"https:\/\/www.labofine.com\/fr\/wp-json\/wp\/v2\/pages\/26\/revisions"}],"predecessor-version":[{"id":984,"href":"https:\/\/www.labofine.com\/fr\/wp-json\/wp\/v2\/pages\/26\/revisions\/984"}],"wp:attachment":[{"href":"https:\/\/www.labofine.com\/fr\/wp-json\/wp\/v2\/media?parent=26"}],"curies":[{"name":"wp","href":"https:\/\/api.w.org\/{rel}","templated":true}]}}