{"id":956,"date":"2020-09-30T08:48:30","date_gmt":"2020-09-30T14:48:30","guid":{"rendered":"https:\/\/www.labofine.com\/?page_id=956"},"modified":"2024-04-23T12:05:40","modified_gmt":"2024-04-23T18:05:40","slug":"pharmaceuticals","status":"publish","type":"page","link":"https:\/\/www.labofine.com\/fr\/solutions\/pharmaceuticals\/","title":{"rendered":"Les produits pharmaceutiques"},"content":{"rendered":"<h1>\n\t\tChangeable Supportive Title\n\t<\/h1>\n\t<h3>Formulaire de demande de service<\/h3>\n<script type=\"text\/javascript\">var gform;gform||(document.addEventListener(\"gform_main_scripts_loaded\",function(){gform.scriptsLoaded=!0}),window.addEventListener(\"DOMContentLoaded\",function(){gform.domLoaded=!0}),gform={domLoaded:!1,scriptsLoaded:!1,initializeOnLoaded:function(o){gform.domLoaded&&gform.scriptsLoaded?o():!gform.domLoaded&&gform.scriptsLoaded?window.addEventListener(\"DOMContentLoaded\",o):document.addEventListener(\"gform_main_scripts_loaded\",o)},hooks:{action:{},filter:{}},addAction:function(o,n,r,t){gform.addHook(\"action\",o,n,r,t)},addFilter:function(o,n,r,t){gform.addHook(\"filter\",o,n,r,t)},doAction:function(o){gform.doHook(\"action\",o,arguments)},applyFilters:function(o){return gform.doHook(\"filter\",o,arguments)},removeAction:function(o,n){gform.removeHook(\"action\",o,n)},removeFilter:function(o,n,r){gform.removeHook(\"filter\",o,n,r)},addHook:function(o,n,r,t,i){null==gform.hooks[o][n]&&(gform.hooks[o][n]=[]);var e=gform.hooks[o][n];null==i&&(i=n+\"_\"+e.length),gform.hooks[o][n].push({tag:i,callable:r,priority:t=null==t?10:t})},doHook:function(n,o,r){var t;if(r=Array.prototype.slice.call(r,1),null!=gform.hooks[n][o]&&((o=gform.hooks[n][o]).sort(function(o,n){return o.priority-n.priority}),o.forEach(function(o){\"function\"!=typeof(t=o.callable)&&(t=window[t]),\"action\"==n?t.apply(null,r):r[0]=t.apply(null,r)})),\"filter\"==n)return r[0]},removeHook:function(o,n,t,i){var r;null!=gform.hooks[o][n]&&(r=(r=gform.hooks[o][n]).filter(function(o,n,r){return!!(null!=i&&i!=o.tag||null!=t&&t!=o.priority)}),gform.hooks[o][n]=r)}});<\/script>\n                <div class='gf_browser_gecko gform_wrapper gform_legacy_markup_wrapper gform-theme--no-framework' data-form-theme='legacy' data-form-index='0' id='gform_wrapper_4' ><form method='post' enctype='multipart\/form-data'  id='gform_4'  action='\/fr\/wp-json\/wp\/v2\/pages\/956' data-formid='4' novalidate data-trp-original-action=\"\/fr\/wp-json\/wp\/v2\/pages\/956\">\n                        <div class='gform-body gform_body'><ul id='gform_fields_4' class='gform_fields top_label form_sublabel_below description_below validation_below'><li id=\"field_4_1\" class=\"gfield gfield--type-name gfield_contains_required field_sublabel_below gfield--no-description field_description_below field_validation_below gfield_visibility_visible\"  data-js-reload=\"field_4_1\" ><label class='gfield_label gform-field-label gfield_label_before_complex' >Name \/ Titre<span class=\"gfield_required\"><span class=\"gfield_required gfield_required_asterisk\">*<\/span><\/span><\/label><div class='ginput_complex ginput_container ginput_container--name no_prefix has_first_name no_middle_name has_last_name no_suffix gf_name_has_2 ginput_container_name gform-grid-row' id='input_4_1'>\n                            \n                            <span id='input_4_1_3_container' class='name_first gform-grid-col gform-grid-col--size-auto' >\n                                                    <input type='text' name='input_1.3' id='input_4_1_3' value=''   aria-required='true'     \/>\n                                                    <label for='input_4_1_3' class='gform-field-label gform-field-label--type-sub'>First \/ Nom<\/label>\n                                                <\/span>\n                            \n                            <span id='input_4_1_6_container' class='name_last gform-grid-col gform-grid-col--size-auto' >\n                                                    <input type='text' name='input_1.6' id='input_4_1_6' value=''   aria-required='true'     \/>\n                                                    <label for='input_4_1_6' class='gform-field-label gform-field-label--type-sub'>Last \/ Pr\u00e9nom<\/label>\n                                                <\/span>\n                            \n                        <\/div><\/li><li id=\"field_4_5\" class=\"gfield gfield--type-text gf_left_half gfield_contains_required field_sublabel_below gfield--no-description field_description_below field_validation_below gfield_visibility_visible\"  data-js-reload=\"field_4_5\" ><label class='gfield_label gform-field-label' for='input_4_5'>Position \/ Titre<span class=\"gfield_required\"><span class=\"gfield_required gfield_required_asterisk\">*<\/span><\/span><\/label><div class='ginput_container ginput_container_text'><input name='input_5' id='input_4_5' type='text' value='' class='medium'     aria-required=\"true\" aria-invalid=\"false\"   \/> <\/div><\/li><li id=\"field_4_6\" class=\"gfield gfield--type-text gf_right_half gfield_contains_required field_sublabel_below gfield--no-description field_description_below field_validation_below gfield_visibility_visible\"  data-js-reload=\"field_4_6\" ><label class='gfield_label gform-field-label' for='input_4_6'>Company \/ Soci\u00e9t\u00e9<span class=\"gfield_required\"><span class=\"gfield_required gfield_required_asterisk\">*<\/span><\/span><\/label><div class='ginput_container ginput_container_text'><input name='input_6' id='input_4_6' type='text' value='' class='medium'     aria-required=\"true\" aria-invalid=\"false\"   \/> <\/div><\/li><li id=\"field_4_3\" class=\"gfield gfield--type-phone gf_left_half gfield_contains_required field_sublabel_below gfield--no-description field_description_below field_validation_below gfield_visibility_visible\"  data-js-reload=\"field_4_3\" ><label class='gfield_label gform-field-label' for='input_4_3'>Phone \/ T\u00e9l\u00e9phone<span class=\"gfield_required\"><span class=\"gfield_required gfield_required_asterisk\">*<\/span><\/span><\/label><div class='ginput_container ginput_container_phone'><input name='input_3' id='input_4_3' type='tel' value='' class='medium'   aria-required=\"true\" aria-invalid=\"false\"   \/><\/div><\/li><li id=\"field_4_2\" class=\"gfield gfield--type-email gf_right_half gfield_contains_required field_sublabel_below gfield--no-description field_description_below field_validation_below gfield_visibility_visible\"  data-js-reload=\"field_4_2\" ><label class='gfield_label gform-field-label' for='input_4_2'>Email<span class=\"gfield_required\"><span class=\"gfield_required gfield_required_asterisk\">*<\/span><\/span><\/label><div class='ginput_container ginput_container_email'>\n                            <input name='input_2' id='input_4_2' type='email' value='' class='medium'    aria-required=\"true\" aria-invalid=\"false\"  \/>\n                        <\/div><\/li><li id=\"field_4_7\" class=\"gfield gfield--type-text gfield_contains_required field_sublabel_below gfield--no-description field_description_below field_validation_below gfield_visibility_visible\"  data-js-reload=\"field_4_7\" ><label class='gfield_label gform-field-label' for='input_4_7'>Project Title \/ Intitul\u00e9 du projet<span class=\"gfield_required\"><span class=\"gfield_required gfield_required_asterisk\">*<\/span><\/span><\/label><div class='ginput_container ginput_container_text'><input name='input_7' id='input_4_7' type='text' value='' class='medium'     aria-required=\"true\" aria-invalid=\"false\"   \/> <\/div><\/li><li id=\"field_4_4\" class=\"gfield gfield--type-textarea gfield_contains_required field_sublabel_below gfield--no-description field_description_below field_validation_below gfield_visibility_visible\"  data-js-reload=\"field_4_4\" ><label class='gfield_label gform-field-label' for='input_4_4'>Provide a detailed description of your project \/ D\u00e9taillez les sp\u00e9cificit\u00e9s de  votre projet<span class=\"gfield_required\"><span class=\"gfield_required gfield_required_asterisk\">*<\/span><\/span><\/label><div class='ginput_container ginput_container_textarea'><textarea name='input_4' id='input_4_4' class='textarea medium'     aria-required=\"true\" aria-invalid=\"false\"   rows='10' cols='50'><\/textarea><\/div><\/li><li id=\"field_4_8\" class=\"gfield gfield--type-textarea gfield_contains_required field_sublabel_below gfield--no-description field_description_below field_validation_below gfield_visibility_visible\"  data-js-reload=\"field_4_8\" ><label class='gfield_label gform-field-label' for='input_4_8'>List any specific requirements of your project \/ Donnez-nous plus de details sur votre projet<span class=\"gfield_required\"><span class=\"gfield_required gfield_required_asterisk\">*<\/span><\/span><\/label><div class='ginput_container ginput_container_textarea'><textarea name='input_8' id='input_4_8' class='textarea medium'     aria-required=\"true\" aria-invalid=\"false\"   rows='10' cols='50'><\/textarea><\/div><\/li><\/ul><\/div>\n        <div class='gform_footer top_label'> <input type='submit' id='gform_submit_button_4' class='gform_button button' value='Submit \/ Soumettre'  onclick='if(window[\"gf_submitting_4\"]){return false;}  if( !jQuery(\"#gform_4\")[0].checkValidity || jQuery(\"#gform_4\")[0].checkValidity()){window[\"gf_submitting_4\"]=true;}  ' onkeypress='if( event.keyCode == 13 ){ if(window[\"gf_submitting_4\"]){return false;} if( !jQuery(\"#gform_4\")[0].checkValidity || jQuery(\"#gform_4\")[0].checkValidity()){window[\"gf_submitting_4\"]=true;}  jQuery(\"#gform_4\").trigger(\"submit\",[true]); }' \/> \n            <input type='hidden' class='gform_hidden' name='is_submit_4' value='1' \/>\n            <input type='hidden' class='gform_hidden' name='gform_submit' value='4' \/>\n            \n            <input type='hidden' class='gform_hidden' name='gform_unique_id' value='' \/>\n            <input type='hidden' class='gform_hidden' name='state_4' value='WyJbXSIsIjEzMjg3YjIwYmI0OGQzMDQ3NjFhMTk5ZjgzODVmZmI5Il0=' \/>\n            <input type='hidden' class='gform_hidden' name='gform_target_page_number_4' id='gform_target_page_number_4' value='0' \/>\n            <input type='hidden' class='gform_hidden' name='gform_source_page_number_4' id='gform_source_page_number_4' value='1' \/>\n            <input type='hidden' name='gform_field_values' value='' \/>\n            \n        <\/div>\n                        <input type=\"hidden\" name=\"trp-form-language\" value=\"fr\"\/><\/form>\n                        <\/div><script>\ngform.initializeOnLoaded( function() {gformInitSpinner( 4, 'https:\/\/www.labofine.com\/wp-content\/plugins\/gravityforms\/images\/spinner.svg', true );jQuery('#gform_ajax_frame_4').on('load',function(){var contents = jQuery(this).contents().find('*').html();var is_postback = contents.indexOf('GF_AJAX_POSTBACK') >= 0;if(!is_postback){return;}var form_content = jQuery(this).contents().find('#gform_wrapper_4');var is_confirmation = jQuery(this).contents().find('#gform_confirmation_wrapper_4').length > 0;var is_redirect = contents.indexOf('gformRedirect(){') >= 0;var is_form = form_content.length > 0 && ! is_redirect && ! is_confirmation;var mt = parseInt(jQuery('html').css('margin-top'), 10) + parseInt(jQuery('body').css('margin-top'), 10) + 100;if(is_form){jQuery('#gform_wrapper_4').html(form_content.html());if(form_content.hasClass('gform_validation_error')){jQuery('#gform_wrapper_4').addClass('gform_validation_error');} else {jQuery('#gform_wrapper_4').removeClass('gform_validation_error');}setTimeout( function() { \/* delay the scroll by 50 milliseconds to fix a bug in chrome *\/  }, 50 );if(window['gformInitDatepicker']) {gformInitDatepicker();}if(window['gformInitPriceFields']) {gformInitPriceFields();}var current_page = jQuery('#gform_source_page_number_4').val();gformInitSpinner( 4, 'https:\/\/www.labofine.com\/wp-content\/plugins\/gravityforms\/images\/spinner.svg', true );jQuery(document).trigger('gform_page_loaded', [4, current_page]);window['gf_submitting_4'] = false;}else if(!is_redirect){var confirmation_content = jQuery(this).contents().find('.GF_AJAX_POSTBACK').html();if(!confirmation_content){confirmation_content = contents;}jQuery('#gform_wrapper_4').replaceWith(confirmation_content);jQuery(document).trigger('gform_confirmation_loaded', [4]);window['gf_submitting_4'] = false;wp.a11y.speak(jQuery('#gform_confirmation_message_4').text());}else{jQuery('#gform_4').append(contents);if(window['gformRedirect']) {gformRedirect();}}jQuery(document).trigger(\"gform_pre_post_render\", [{ formId: \"4\", currentPage: \"current_page\", abort: function() { this.preventDefault(); } }]);                if (event.defaultPrevented) {                return;         }        const gformWrapperDiv = document.getElementById( \"gform_wrapper_4\" );        if ( gformWrapperDiv ) {            const visibilitySpan = document.createElement( \"span\" );            visibilitySpan.id = \"gform_visibility_test_4\";            gformWrapperDiv.insertAdjacentElement( \"afterend\", visibilitySpan );        }        const visibilityTestDiv = document.getElementById( \"gform_visibility_test_4\" );        let postRenderFired = false;                function triggerPostRender() {            if ( postRenderFired ) {                return;            }            postRenderFired = true;            jQuery( document ).trigger( 'gform_post_render', [4, current_page] );            gform.utils.trigger( { event: 'gform\/postRender', native: false, data: { formId: 4, currentPage: current_page } } );            if ( visibilityTestDiv ) {                visibilityTestDiv.parentNode.removeChild( visibilityTestDiv );            }        }        function debounce( func, wait, immediate ) {            var timeout;            return function() {                var context = this, args = arguments;                var later = function() {                    timeout = null;                    if ( !immediate ) func.apply( context, args );                };                var callNow = immediate && !timeout;                clearTimeout( timeout );                timeout = setTimeout( later, wait );                if ( callNow ) func.apply( context, args );            };        }        const debouncedTriggerPostRender = debounce( function() {            triggerPostRender();        }, 200 );        if ( visibilityTestDiv && visibilityTestDiv.offsetParent === null ) {            const observer = new MutationObserver( ( mutations ) => {                mutations.forEach( ( mutation ) => {                    if ( mutation.type === 'attributes' && visibilityTestDiv.offsetParent !== null ) {                        debouncedTriggerPostRender();                        observer.disconnect();                    }                });            });            observer.observe( document.body, {                attributes: true,                childList: false,                subtree: true,                attributeFilter: [ 'style', 'class' ],            });        } else {            triggerPostRender();        }    } );} );\n<\/script>\n\n\t<h3>Tests de routine GMP QC<\/h3>\n\t<p>Tests de contr\u00f4le de la qualit\u00e9 cGMP pour les excipients, les interm\u00e9diaires, les mati\u00e8res premi\u00e8res et les produits finis, \u00e0 l'appui des industries pharmaceutique, nutraceutique, des \nproduits de sant\u00e9 naturels, des produits chimiques et alimentaires.<\/p>\n<ul>\n<li>M\u00e9thodes par USP, NF, EP, JP, ACS, etc.<\/li>\n<li>M\u00e9thodes de gestion des mati\u00e8res premi\u00e8res<\/li>\n<li>Analyse des traces organiques<\/li>\n<li>Analyse des pesticides<\/li>\n<li>Analyse \u00e9l\u00e9mentaire<\/li>\n<li>Analyse des m\u00e9taux lourds<\/li>\n<li>Microbiologie<\/li>\n<\/ul>\n\t<h3>D\u00e9veloppement et validation de m\u00e9thodes<\/h3>\n<p>Nos services vont du d\u00e9veloppement de nouvelles m\u00e9thodes analytiques \u00e0 la rem\u00e9diation (optimisation ou am\u00e9lioration) de proc\u00e9dures obsol\u00e8tes.<\/p>\n<p>Une fois qu'une m\u00e9thode est d\u00e9velopp\u00e9e, des protocoles de validation sont pr\u00e9par\u00e9s et des \nexp\u00e9riences sont ex\u00e9cut\u00e9es conform\u00e9ment aux lignes directrices de Sant\u00e9 Canada, de la FDA et de l'ICH pour la validation de la m\u00e9thode. Nos scientifiques ont de l'exp\u00e9rience dans la validation non seulement des proc\u00e9dures chromatographiques, mais aussi d'un large \u00e9ventail d'autres techniques analytiques, y compris, mais sans s'y limiter:<\/p>\n<ul>\n<li>Techniques de titrage et colorim\u00e9triques<\/li>\n<li>Espace de t\u00eate GC\/MS<\/li>\n<li>HPLC and et IC<\/li>\n<\/ul>\n<p>Cette grande capacit\u00e9 d'analyse nous permet de g\u00e9n\u00e9rer rapidement des protocoles qui r\u00e9pondent aux exigences r\u00e9glementaires. Notre objectif est de vous aider \u00e0 rester efficace et \u00e0 minimiser les efforts mutuels.<\/p>\n\t<h3>Tests de produits d'ascendance sexuelle<\/h3>\n<p>Labofine peut effectuer des tests pour les m\u00e9dicaments, les produits pharmaceutiques et les produits \u00e9num\u00e9r\u00e9s ci-dessous.<\/p>\n<ul>\n<li>Sild\u00e9nafil<\/li>\n<li>Vard\u00e9nafil<\/li>\n<li>Sulfoaild\u00e9nafil<\/li>\n<li>Desm\u00e9thyl carbodenafil<\/li>\n<li>Le tadalafil<\/li>\n<\/ul>\n\t\t\t\t<img loading=\"lazy\" decoding=\"async\" src=\"https:\/\/www.labofine.com\/wp-content\/uploads\/2020\/09\/method-development.jpg\" alt=\"method development\" itemprop=\"image\" height=\"300\" width=\"500\" title=\"method development\" onerror=\"this.style.display='none'\"  \/>\n\t<h3>\u00c9tudes de stabilit\u00e9<\/h3>\n\t<p>Les \u00e9tudes de stabilit\u00e9 pharmaceutique sont fournies \u00e0 toutes les \u00e9tapes du d\u00e9veloppement \nd'un m\u00e9dicament, depuis les \u00e9tudes de stress pr\u00e9coces jusqu'\u00e0 la mise au point de tests \nindiquant la stabilit\u00e9, en passant par les programmes cliniques et les programmes de \nproduits finis. Notre \u00e9quipe conna\u00eet parfaitement les lignes directrices de l'ICH Q1A (R2) pour les nouvelles substances m\u00e9dicamenteuses et les aliments et nutraceutiques.<\/p>\n<p>Les installations de stabilit\u00e9 de l'entreposage sur place sont situ\u00e9es \u00e0 notre emplacement de Laval.<\/p>\n<p><strong>Conditions de stabilit\u00e9 de stockage<\/strong><\/p>\n<ul>\n<li>25 \u00baC \/ 60 % d'humidit\u00e9 relative<\/li>\n<li>30 \u00b0C \/ 60 % d'humidit\u00e9 relative, 30 \u00b0C \/ 65 % d'humidit\u00e9 relative et 30 \u00b0C \/ 70% d'humidit\u00e9 relative<\/li>\n<li>40 \u00baC \/ 75 % d'humidit\u00e9 relative<\/li>\n<li>50 \u00baC \/ 75 % d'humidit\u00e9 relative<\/li>\n<li>2-8\u00baC, -20\u00baC, -40\u00baC et -80\u00baC<\/li>\n<li>Photostabilit\u00e9 (options ICH 1 et 2)<\/li>\n<li>Conditions sp\u00e9cialis\u00e9es<\/li>\n<\/ul>","protected":false},"excerpt":{"rendered":"<p>Changeable Supportive Title Request Service Form GMP QC Routine Testing cGMP quality control testing for excipients, intermediates, raw materials and finished products, supporting the pharmaceutical, nutraceutical, natural health product, chemical and food industries. Methods by USP, NF, EP, JP, ACS, etc. Raw materials methods Trace Organic Analysis Pesticides Analysis Elemental Analysis Heavy Metals Analysis Microbiology&hellip;<\/p>","protected":false},"author":12,"featured_media":0,"parent":950,"menu_order":0,"comment_status":"closed","ping_status":"closed","template":"","meta":{"footnotes":""},"yoast_head":"<!-- This site is optimized with the Yoast SEO plugin v22.7 - https:\/\/yoast.com\/wordpress\/plugins\/seo\/ -->\n<title>Pharmaceuticals - Labofine<\/title>\n<meta name=\"robots\" content=\"index, follow, max-snippet:-1, max-image-preview:large, max-video-preview:-1\" \/>\n<link rel=\"canonical\" href=\"https:\/\/www.labofine.com\/fr\/solutions\/pharmaceuticals\/\" \/>\n<meta property=\"og:locale\" content=\"fr_CA\" \/>\n<meta property=\"og:type\" content=\"article\" \/>\n<meta property=\"og:title\" content=\"Pharmaceuticals - Labofine\" \/>\n<meta property=\"og:description\" content=\"Changeable Supportive Title Request Service Form GMP QC Routine Testing cGMP quality control testing for excipients, intermediates, raw materials and finished products, supporting the pharmaceutical, nutraceutical, natural health product, chemical and food industries. Methods by USP, NF, EP, JP, ACS, etc. Raw materials methods Trace Organic Analysis Pesticides Analysis Elemental Analysis Heavy Metals Analysis Microbiology&hellip;\" \/>\n<meta property=\"og:url\" content=\"https:\/\/www.labofine.com\/fr\/solutions\/pharmaceuticals\/\" \/>\n<meta property=\"og:site_name\" content=\"Labofine\" \/>\n<meta property=\"article:modified_time\" content=\"2024-04-23T18:05:40+00:00\" \/>\n<meta property=\"og:image\" content=\"https:\/\/www.labofine.com\/wp-content\/uploads\/2020\/09\/method-development.jpg\" \/>\n<meta name=\"twitter:card\" content=\"summary_large_image\" \/>\n<meta name=\"twitter:label1\" content=\"Estimation du temps de lecture\" \/>\n\t<meta name=\"twitter:data1\" content=\"1 minute\" \/>\n<script type=\"application\/ld+json\" class=\"yoast-schema-graph\">{\"@context\":\"https:\/\/schema.org\",\"@graph\":[{\"@type\":\"WebPage\",\"@id\":\"https:\/\/www.labofine.com\/solutions\/pharmaceuticals\/\",\"url\":\"https:\/\/www.labofine.com\/solutions\/pharmaceuticals\/\",\"name\":\"Pharmaceuticals - Labofine\",\"isPartOf\":{\"@id\":\"https:\/\/www.labofine.com\/#website\"},\"primaryImageOfPage\":{\"@id\":\"https:\/\/www.labofine.com\/solutions\/pharmaceuticals\/#primaryimage\"},\"image\":{\"@id\":\"https:\/\/www.labofine.com\/solutions\/pharmaceuticals\/#primaryimage\"},\"thumbnailUrl\":\"https:\/\/www.labofine.com\/wp-content\/uploads\/2020\/09\/method-development.jpg\",\"datePublished\":\"2020-09-30T14:48:30+00:00\",\"dateModified\":\"2024-04-23T18:05:40+00:00\",\"breadcrumb\":{\"@id\":\"https:\/\/www.labofine.com\/solutions\/pharmaceuticals\/#breadcrumb\"},\"inLanguage\":\"fr-CA\",\"potentialAction\":[{\"@type\":\"ReadAction\",\"target\":[\"https:\/\/www.labofine.com\/solutions\/pharmaceuticals\/\"]}]},{\"@type\":\"ImageObject\",\"inLanguage\":\"fr-CA\",\"@id\":\"https:\/\/www.labofine.com\/solutions\/pharmaceuticals\/#primaryimage\",\"url\":\"https:\/\/www.labofine.com\/wp-content\/uploads\/2020\/09\/method-development.jpg\",\"contentUrl\":\"https:\/\/www.labofine.com\/wp-content\/uploads\/2020\/09\/method-development.jpg\"},{\"@type\":\"BreadcrumbList\",\"@id\":\"https:\/\/www.labofine.com\/solutions\/pharmaceuticals\/#breadcrumb\",\"itemListElement\":[{\"@type\":\"ListItem\",\"position\":1,\"name\":\"Home\",\"item\":\"https:\/\/www.labofine.com\/\"},{\"@type\":\"ListItem\",\"position\":2,\"name\":\"Solutions\",\"item\":\"https:\/\/www.labofine.com\/solutions\/\"},{\"@type\":\"ListItem\",\"position\":3,\"name\":\"Pharmaceuticals\"}]},{\"@type\":\"WebSite\",\"@id\":\"https:\/\/www.labofine.com\/#website\",\"url\":\"https:\/\/www.labofine.com\/\",\"name\":\"Labofine\",\"description\":\"| A Tentamus Company\",\"potentialAction\":[{\"@type\":\"SearchAction\",\"target\":{\"@type\":\"EntryPoint\",\"urlTemplate\":\"https:\/\/www.labofine.com\/?s={search_term_string}\"},\"query-input\":\"required name=search_term_string\"}],\"inLanguage\":\"fr-CA\"}]}<\/script>\n<!-- \/ Yoast SEO plugin. -->","yoast_head_json":{"title":"Pharmaceuticals - Labofine","robots":{"index":"index","follow":"follow","max-snippet":"max-snippet:-1","max-image-preview":"max-image-preview:large","max-video-preview":"max-video-preview:-1"},"canonical":"https:\/\/www.labofine.com\/fr\/solutions\/pharmaceuticals\/","og_locale":"fr_CA","og_type":"article","og_title":"Pharmaceuticals - Labofine","og_description":"Changeable Supportive Title Request Service Form GMP QC Routine Testing cGMP quality control testing for excipients, intermediates, raw materials and finished products, supporting the pharmaceutical, nutraceutical, natural health product, chemical and food industries. Methods by USP, NF, EP, JP, ACS, etc. Raw materials methods Trace Organic Analysis Pesticides Analysis Elemental Analysis Heavy Metals Analysis Microbiology&hellip;","og_url":"https:\/\/www.labofine.com\/fr\/solutions\/pharmaceuticals\/","og_site_name":"Labofine","article_modified_time":"2024-04-23T18:05:40+00:00","og_image":[{"url":"https:\/\/www.labofine.com\/wp-content\/uploads\/2020\/09\/method-development.jpg"}],"twitter_card":"summary_large_image","twitter_misc":{"Estimation du temps de lecture":"1 minute"},"schema":{"@context":"https:\/\/schema.org","@graph":[{"@type":"WebPage","@id":"https:\/\/www.labofine.com\/solutions\/pharmaceuticals\/","url":"https:\/\/www.labofine.com\/solutions\/pharmaceuticals\/","name":"Pharmaceuticals - Labofine","isPartOf":{"@id":"https:\/\/www.labofine.com\/#website"},"primaryImageOfPage":{"@id":"https:\/\/www.labofine.com\/solutions\/pharmaceuticals\/#primaryimage"},"image":{"@id":"https:\/\/www.labofine.com\/solutions\/pharmaceuticals\/#primaryimage"},"thumbnailUrl":"https:\/\/www.labofine.com\/wp-content\/uploads\/2020\/09\/method-development.jpg","datePublished":"2020-09-30T14:48:30+00:00","dateModified":"2024-04-23T18:05:40+00:00","breadcrumb":{"@id":"https:\/\/www.labofine.com\/solutions\/pharmaceuticals\/#breadcrumb"},"inLanguage":"fr-CA","potentialAction":[{"@type":"ReadAction","target":["https:\/\/www.labofine.com\/solutions\/pharmaceuticals\/"]}]},{"@type":"ImageObject","inLanguage":"fr-CA","@id":"https:\/\/www.labofine.com\/solutions\/pharmaceuticals\/#primaryimage","url":"https:\/\/www.labofine.com\/wp-content\/uploads\/2020\/09\/method-development.jpg","contentUrl":"https:\/\/www.labofine.com\/wp-content\/uploads\/2020\/09\/method-development.jpg"},{"@type":"BreadcrumbList","@id":"https:\/\/www.labofine.com\/solutions\/pharmaceuticals\/#breadcrumb","itemListElement":[{"@type":"ListItem","position":1,"name":"Home","item":"https:\/\/www.labofine.com\/"},{"@type":"ListItem","position":2,"name":"Solutions","item":"https:\/\/www.labofine.com\/solutions\/"},{"@type":"ListItem","position":3,"name":"Pharmaceuticals"}]},{"@type":"WebSite","@id":"https:\/\/www.labofine.com\/#website","url":"https:\/\/www.labofine.com\/","name":"Labofine","description":"| A Tentamus Company","potentialAction":[{"@type":"SearchAction","target":{"@type":"EntryPoint","urlTemplate":"https:\/\/www.labofine.com\/?s={search_term_string}"},"query-input":"required name=search_term_string"}],"inLanguage":"fr-CA"}]}},"_links":{"self":[{"href":"https:\/\/www.labofine.com\/fr\/wp-json\/wp\/v2\/pages\/956"}],"collection":[{"href":"https:\/\/www.labofine.com\/fr\/wp-json\/wp\/v2\/pages"}],"about":[{"href":"https:\/\/www.labofine.com\/fr\/wp-json\/wp\/v2\/types\/page"}],"author":[{"embeddable":true,"href":"https:\/\/www.labofine.com\/fr\/wp-json\/wp\/v2\/users\/12"}],"replies":[{"embeddable":true,"href":"https:\/\/www.labofine.com\/fr\/wp-json\/wp\/v2\/comments?post=956"}],"version-history":[{"count":13,"href":"https:\/\/www.labofine.com\/fr\/wp-json\/wp\/v2\/pages\/956\/revisions"}],"predecessor-version":[{"id":1902,"href":"https:\/\/www.labofine.com\/fr\/wp-json\/wp\/v2\/pages\/956\/revisions\/1902"}],"up":[{"embeddable":true,"href":"https:\/\/www.labofine.com\/fr\/wp-json\/wp\/v2\/pages\/950"}],"wp:attachment":[{"href":"https:\/\/www.labofine.com\/fr\/wp-json\/wp\/v2\/media?parent=956"}],"curies":[{"name":"wp","href":"https:\/\/api.w.org\/{rel}","templated":true}]}}