{"id":958,"date":"2020-09-30T08:48:45","date_gmt":"2020-09-30T14:48:45","guid":{"rendered":"https:\/\/www.labofine.com\/?page_id=958"},"modified":"2022-12-19T16:59:35","modified_gmt":"2022-12-19T23:59:35","slug":"nutritional-labeling","status":"publish","type":"page","link":"https:\/\/www.labofine.com\/fr\/solutions\/nutritional-labeling\/","title":{"rendered":"\u00c9tiquetage nutritionnel"},"content":{"rendered":"<h1>\n\t\tChangeable Supportive Title\n\t<\/h1>\n\t\t\t<a href=\"https:\/\/www.labofine.com\/fr\/contact\/\" target=\"_self\" role=\"button\" rel=\"noopener\">\n\t\t\t\t\t\t\tContactez-nous\n\t\t\t\t\t<\/a>\n\t<p>Chez <a href=\"https:\/\/www.labofine.com\/fr\/contact\/\">Labofine<\/a>, nous comprenons l'importance de fournir des informations nutritionnelles pr\u00e9cises et compl\u00e8tes \u00e0 vos clients. Nos services d'\u00e9tiquetage nutritionnel vous fournissent les informations n\u00e9cessaires pour vous assurer que vos produits r\u00e9pondent aux exigences d'\u00e9tiquetage nutritionnel de Sant\u00e9 Canada, de la FDA des \u00c9tats-Unis et d'autres r\u00e9glementations applicables.<\/p>\n\t\t\t\t<img loading=\"lazy\" decoding=\"async\" src=\"https:\/\/www.labofine.com\/wp-content\/uploads\/2022\/12\/intext-1_Labels.png\" alt=\"intext 1_Labels\" itemprop=\"image\" height=\"650\" width=\"650\" title=\"intext 1_Labels\" onerror=\"this.style.display='none'\"  \/>\n\t<h2><b>TESTS NUTRITIONNELS<\/b><\/h2>\n\t<p>Nous utilisons des m\u00e9thodes de test analytiques avanc\u00e9es pour analyser vos produits afin d'obtenir des informations nutritionnelles telles que la teneur en vitamines et min\u00e9raux, les macronutriments et la teneur en calories. Notre \u00e9quipe de professionnels exp\u00e9riment\u00e9s et comp\u00e9tents travaillera avec vous pour d\u00e9velopper une strat\u00e9gie d'\u00e9tiquetage nutritionnel compl\u00e8te r\u00e9pondant aux besoins sp\u00e9cifiques de votre produit.<\/p>\n\t<h3>Formulaire de demande de service<\/h3>\n\t<h3>Nos services d'\u00e9tiquetage nutritionnel comprennent:<\/h3>\n\t<ul>\n<li aria-level=\"1\"><b>Analyse des \u00e9l\u00e9ments nutritifs:<\/b> Nous analyserons la teneur en \u00e9l\u00e9ments nutritifs \nde vos produits pour nous assurer que l'\u00e9tiquette est exacte et \u00e0 jour.<\/li>\n<li aria-level=\"1\"><b>D\u00e9claration des ingr\u00e9dients:<\/b> Nous vous aiderons \u00e0 \u00e9laborer une d\u00e9claration des \ningr\u00e9dients qui r\u00e9pond aux exigences r\u00e9glementaires.<\/li>\n<li aria-level=\"1\"><b>Tableau de la valeur nutritive:<\/b> Nous cr\u00e9erons un tableau de la valeur nutritive qui \nr\u00e9pond aux exigences de Sant\u00e9 Canada, de la FDA et d'autres autorit\u00e9s r\u00e9glementaires.<\/li>\n<li aria-level=\"1\"><b>\u00c9tiquetage des allerg\u00e8nes:<\/b> Nous analyserons vos produits \u00e0 la recherche \nd'allerg\u00e8nes afin de nous assurer que l'\u00e9tiquetage des allerg\u00e8nes est pr\u00e9cis et conforme.<\/li>\n<\/ul>\n\t<h3>Exigences de la FDA des \u00c9tats-Unis en mati\u00e8re d'\u00e9tiquetage nutritionnel<\/h3>\n\t<p>Aux \u00c9tats-Unis, l'\u00e9tiquetage nutritionnel des produits alimentaires est r\u00e9glement\u00e9 par la Food and Drug Administration (FDA). Tous les produits alimentaires doivent porter une \u00e9tiquette de valeur nutritive sur l'emballage. Cette \u00e9tiquette doit inclure la taille de la portion, la quantit\u00e9 de calories, les mati\u00e8res grasses totales, les graisses satur\u00e9es, les graisses trans, le cholest\u00e9rol, le sodium, les glucides totaux, les fibres alimentaires, les sucres, les prot\u00e9ines, la \nvitamine A, la vitamine C, le calcium et le fer. L'\u00e9tiquette doit \u00e9galement inclure le pourcentage de la valeur quotidienne (% VQ) pour chaque nutriment \u00e9num\u00e9r\u00e9, qui est bas\u00e9 sur un r\u00e9gime de 2000 calories.<\/p>\n<p>Pour plus d'informations sur les exigences en mati\u00e8re d'\u00e9tiquetage nutritionnel aux \u00c9tatsUnis, veuillez contacter notre \u00e9quipe de professionnels exp\u00e9riment\u00e9s. Nous sommes impatients de vous aider \u00e0 cr\u00e9er des \u00e9tiquettes nutritionnelles pr\u00e9cises et conformes pour vos produits alimentaires.<\/p>\n\t\t\t\t<img loading=\"lazy\" decoding=\"async\" src=\"https:\/\/www.labofine.com\/wp-content\/uploads\/2022\/12\/intext-2_Labels.png\" alt=\"intext 2_Labels\" itemprop=\"image\" height=\"650\" width=\"650\" title=\"intext 2_Labels\" onerror=\"this.style.display='none'\"  \/>\n\t<h2>Exigences de Sant\u00e9 Canada sur les \u00e9tiquettes nutritionnelles<\/h2>\n\t<p>Parmi les diff\u00e9rences entre les exigences en mati\u00e8re d'\u00e9tiquetage des aliments aux \u00c9tats-Unis et au Canada, mentionnons les unit\u00e9s de mesure et les exigences en mati\u00e8re de bilinguisme. Au Canada, les \u00e9tiquettes des aliments doivent \u00eatre r\u00e9dig\u00e9es en anglais et en fran\u00e7ais.<\/p>\n<p>En plus du tableau de la valeur nutritive, les produits alimentaires doivent \u00e9galement inclure une liste d'ingr\u00e9dients et un \u00e9tiquetage des allerg\u00e8nes. La liste des ingr\u00e9dients doit inclure \ntous les ingr\u00e9dients utilis\u00e9s dans le produit alimentaire dans l'ordre d\u00e9croissant de leur proportion en poids. L'\u00e9tiquetage des allerg\u00e8nes doit inclure la pr\u00e9sence de l\u2019un des huit principaux allerg\u00e8nes : lait, \u0153ufs, poisson, crustac\u00e9s, noix, arachides, bl\u00e9 et soja.<\/p>\n\t<h3>Aliments qui peuvent ne pas n\u00e9cessiter d'\u00e9tiquetage nutritionnel<\/h3>\n\t<p>Les aliments qui n'ont pas besoin d'une \u00e9tiquette de valeur nutritive comprennent les fruits et l\u00e9gumes frais, la viande, la volaille et les fruits de mer crus \u00e0 ingr\u00e9dient unique, les aliments transform\u00e9s ne contenant que du sel ou du sucre, les produits alimentaires emball\u00e9s et vendus dans des points de vente au d\u00e9tail le jour m\u00eame, comme les boulangeries et les \u00e9piceries fines, et les boissons alcoolis\u00e9es. Ces produits n'ont pas \u00e0 r\u00e9pondre aux exigences d'\u00e9tiquetage de Sant\u00e9 Canada, de la FDA des \u00c9tats-Unis ou d'autres r\u00e8glements applicables.<\/p>\n\t\t\t\t<img loading=\"lazy\" decoding=\"async\" src=\"https:\/\/www.labofine.com\/wp-content\/uploads\/2022\/12\/IMG-3_Labels.jpg\" alt=\"IMG-3_Labels\" itemprop=\"image\" height=\"1080\" width=\"1080\" title=\"IMG-3_Labels\" onerror=\"this.style.display='none'\"  \/>\n\t\t\t\t<img loading=\"lazy\" decoding=\"async\" src=\"https:\/\/www.labofine.com\/wp-content\/uploads\/2022\/12\/IMG-4_Labels.jpg\" alt=\"IMG-4_Labels\" itemprop=\"image\" height=\"1080\" width=\"1080\" title=\"IMG-4_Labels\" onerror=\"this.style.display='none'\"  \/>\n\t<h2>Quels sont les avantages de l'\u00e9tiquetage nutritionnel?<\/h2>\n\t<p>L'\u00e9tiquetage nutritionnel offre plusieurs avantages aux producteurs et fabricants de produits alimentaires, notamment la transparence, le professionnalisme et le marketing. La transparence permet aux clients de prendre des d\u00e9cisions \u00e9clair\u00e9es sur les aliments qu'ils ach\u00e8tent, tandis que le professionnalisme contribue \u00e0 renforcer la cr\u00e9dibilit\u00e9 du producteur ou du fabricant de produits alimentaires. De plus, l'\u00e9tiquetage nutritionnel peut \u00eatre utilis\u00e9 comme un outil de marketing pour mettre en \u00e9vidence les avantages pour la sant\u00e9 d'un produit ou pour cibler des clients sp\u00e9cifiques \u00e0 la recherche de nutrition.<\/p>\n<h3>\n\t\tContactez-nous aujourd'hui\n\t<\/h3>\n\t<p>Whether you are looking for FDA-approved nutrition facts labels or need food laboratory analysis, we&#8217;ve got you covered. We offer a wide variety of services, making us a one-stop shop for all of your food labeling and food testing needs. With <a href=\"https:\/\/www.labofine.com\/fr\/contact\/\">Labofine<\/a>, vous pouvez \u00eatre assur\u00e9 que votre \u00e9tiquetage nutritionnel respectera toutes les r\u00e9glementations applicables et fournira \u00e0 vos clients les informations n\u00e9cessaires pour prendre des d\u00e9cisions \u00e9clair\u00e9es. <a href=\"https:\/\/www.labofine.com\/fr\/contact\/\">Contactez-nous<\/a> aujourd'hui pour commencer.<\/p>\n\t\t\t<a href=\"https:\/\/www.labofine.com\/fr\/contact\/\" target=\"_self\" role=\"button\" rel=\"noopener\">\n\t\t\t\t\t\t\tCommencer\n\t\t\t\t\t<\/a>","protected":false},"excerpt":{"rendered":"<p>Changeable Supportive Title Connect With Us At Labofine, we understand the importance of providing accurate and comprehensive nutrition information to your customers. Our nutritional labeling services provide you with the necessary information to ensure your products meet the nutritional labeling requirements of Health Canada, the United States FDA, and other applicable regulations. Nutritional Testing We&hellip;<\/p>","protected":false},"author":12,"featured_media":0,"parent":950,"menu_order":0,"comment_status":"closed","ping_status":"closed","template":"","meta":{"footnotes":""},"yoast_head":"<!-- This site is optimized with the Yoast SEO plugin v22.7 - https:\/\/yoast.com\/wordpress\/plugins\/seo\/ -->\n<title>Nutritional Labeling - Labofine<\/title>\n<meta name=\"robots\" content=\"index, follow, max-snippet:-1, max-image-preview:large, max-video-preview:-1\" \/>\n<link rel=\"canonical\" href=\"https:\/\/www.labofine.com\/fr\/solutions\/nutritional-labeling\/\" \/>\n<meta property=\"og:locale\" content=\"fr_CA\" \/>\n<meta property=\"og:type\" content=\"article\" \/>\n<meta property=\"og:title\" content=\"Nutritional Labeling - Labofine\" \/>\n<meta property=\"og:description\" content=\"Changeable Supportive Title Connect With Us At Labofine, we understand the importance of providing accurate and comprehensive nutrition information to your customers. Our nutritional labeling services provide you with the necessary information to ensure your products meet the nutritional labeling requirements of Health Canada, the United States FDA, and other applicable regulations. Nutritional Testing We&hellip;\" \/>\n<meta property=\"og:url\" content=\"https:\/\/www.labofine.com\/fr\/solutions\/nutritional-labeling\/\" \/>\n<meta property=\"og:site_name\" content=\"Labofine\" \/>\n<meta property=\"article:modified_time\" content=\"2022-12-19T23:59:35+00:00\" \/>\n<meta property=\"og:image\" content=\"https:\/\/www.labofine.com\/wp-content\/uploads\/2022\/12\/intext-1_Labels.png\" \/>\n<meta name=\"twitter:card\" content=\"summary_large_image\" \/>\n<meta name=\"twitter:label1\" content=\"Estimation du temps de lecture\" \/>\n\t<meta name=\"twitter:data1\" content=\"3 minutes\" \/>\n<script type=\"application\/ld+json\" class=\"yoast-schema-graph\">{\"@context\":\"https:\/\/schema.org\",\"@graph\":[{\"@type\":\"WebPage\",\"@id\":\"https:\/\/www.labofine.com\/solutions\/nutritional-labeling\/\",\"url\":\"https:\/\/www.labofine.com\/solutions\/nutritional-labeling\/\",\"name\":\"Nutritional Labeling - Labofine\",\"isPartOf\":{\"@id\":\"https:\/\/www.labofine.com\/#website\"},\"primaryImageOfPage\":{\"@id\":\"https:\/\/www.labofine.com\/solutions\/nutritional-labeling\/#primaryimage\"},\"image\":{\"@id\":\"https:\/\/www.labofine.com\/solutions\/nutritional-labeling\/#primaryimage\"},\"thumbnailUrl\":\"https:\/\/www.labofine.com\/wp-content\/uploads\/2022\/12\/intext-1_Labels.png\",\"datePublished\":\"2020-09-30T14:48:45+00:00\",\"dateModified\":\"2022-12-19T23:59:35+00:00\",\"breadcrumb\":{\"@id\":\"https:\/\/www.labofine.com\/solutions\/nutritional-labeling\/#breadcrumb\"},\"inLanguage\":\"fr-CA\",\"potentialAction\":[{\"@type\":\"ReadAction\",\"target\":[\"https:\/\/www.labofine.com\/solutions\/nutritional-labeling\/\"]}]},{\"@type\":\"ImageObject\",\"inLanguage\":\"fr-CA\",\"@id\":\"https:\/\/www.labofine.com\/solutions\/nutritional-labeling\/#primaryimage\",\"url\":\"https:\/\/www.labofine.com\/wp-content\/uploads\/2022\/12\/intext-1_Labels.png\",\"contentUrl\":\"https:\/\/www.labofine.com\/wp-content\/uploads\/2022\/12\/intext-1_Labels.png\"},{\"@type\":\"BreadcrumbList\",\"@id\":\"https:\/\/www.labofine.com\/solutions\/nutritional-labeling\/#breadcrumb\",\"itemListElement\":[{\"@type\":\"ListItem\",\"position\":1,\"name\":\"Home\",\"item\":\"https:\/\/www.labofine.com\/\"},{\"@type\":\"ListItem\",\"position\":2,\"name\":\"Solutions\",\"item\":\"https:\/\/www.labofine.com\/solutions\/\"},{\"@type\":\"ListItem\",\"position\":3,\"name\":\"Nutritional Labeling\"}]},{\"@type\":\"WebSite\",\"@id\":\"https:\/\/www.labofine.com\/#website\",\"url\":\"https:\/\/www.labofine.com\/\",\"name\":\"Labofine\",\"description\":\"| A Tentamus Company\",\"potentialAction\":[{\"@type\":\"SearchAction\",\"target\":{\"@type\":\"EntryPoint\",\"urlTemplate\":\"https:\/\/www.labofine.com\/?s={search_term_string}\"},\"query-input\":\"required name=search_term_string\"}],\"inLanguage\":\"fr-CA\"}]}<\/script>\n<!-- \/ Yoast SEO plugin. -->","yoast_head_json":{"title":"Nutritional Labeling - Labofine","robots":{"index":"index","follow":"follow","max-snippet":"max-snippet:-1","max-image-preview":"max-image-preview:large","max-video-preview":"max-video-preview:-1"},"canonical":"https:\/\/www.labofine.com\/fr\/solutions\/nutritional-labeling\/","og_locale":"fr_CA","og_type":"article","og_title":"Nutritional Labeling - Labofine","og_description":"Changeable Supportive Title Connect With Us At Labofine, we understand the importance of providing accurate and comprehensive nutrition information to your customers. Our nutritional labeling services provide you with the necessary information to ensure your products meet the nutritional labeling requirements of Health Canada, the United States FDA, and other applicable regulations. Nutritional Testing We&hellip;","og_url":"https:\/\/www.labofine.com\/fr\/solutions\/nutritional-labeling\/","og_site_name":"Labofine","article_modified_time":"2022-12-19T23:59:35+00:00","og_image":[{"url":"https:\/\/www.labofine.com\/wp-content\/uploads\/2022\/12\/intext-1_Labels.png"}],"twitter_card":"summary_large_image","twitter_misc":{"Estimation du temps de lecture":"3 minutes"},"schema":{"@context":"https:\/\/schema.org","@graph":[{"@type":"WebPage","@id":"https:\/\/www.labofine.com\/solutions\/nutritional-labeling\/","url":"https:\/\/www.labofine.com\/solutions\/nutritional-labeling\/","name":"Nutritional Labeling - Labofine","isPartOf":{"@id":"https:\/\/www.labofine.com\/#website"},"primaryImageOfPage":{"@id":"https:\/\/www.labofine.com\/solutions\/nutritional-labeling\/#primaryimage"},"image":{"@id":"https:\/\/www.labofine.com\/solutions\/nutritional-labeling\/#primaryimage"},"thumbnailUrl":"https:\/\/www.labofine.com\/wp-content\/uploads\/2022\/12\/intext-1_Labels.png","datePublished":"2020-09-30T14:48:45+00:00","dateModified":"2022-12-19T23:59:35+00:00","breadcrumb":{"@id":"https:\/\/www.labofine.com\/solutions\/nutritional-labeling\/#breadcrumb"},"inLanguage":"fr-CA","potentialAction":[{"@type":"ReadAction","target":["https:\/\/www.labofine.com\/solutions\/nutritional-labeling\/"]}]},{"@type":"ImageObject","inLanguage":"fr-CA","@id":"https:\/\/www.labofine.com\/solutions\/nutritional-labeling\/#primaryimage","url":"https:\/\/www.labofine.com\/wp-content\/uploads\/2022\/12\/intext-1_Labels.png","contentUrl":"https:\/\/www.labofine.com\/wp-content\/uploads\/2022\/12\/intext-1_Labels.png"},{"@type":"BreadcrumbList","@id":"https:\/\/www.labofine.com\/solutions\/nutritional-labeling\/#breadcrumb","itemListElement":[{"@type":"ListItem","position":1,"name":"Home","item":"https:\/\/www.labofine.com\/"},{"@type":"ListItem","position":2,"name":"Solutions","item":"https:\/\/www.labofine.com\/solutions\/"},{"@type":"ListItem","position":3,"name":"Nutritional Labeling"}]},{"@type":"WebSite","@id":"https:\/\/www.labofine.com\/#website","url":"https:\/\/www.labofine.com\/","name":"Labofine","description":"| A Tentamus Company","potentialAction":[{"@type":"SearchAction","target":{"@type":"EntryPoint","urlTemplate":"https:\/\/www.labofine.com\/?s={search_term_string}"},"query-input":"required name=search_term_string"}],"inLanguage":"fr-CA"}]}},"_links":{"self":[{"href":"https:\/\/www.labofine.com\/fr\/wp-json\/wp\/v2\/pages\/958"}],"collection":[{"href":"https:\/\/www.labofine.com\/fr\/wp-json\/wp\/v2\/pages"}],"about":[{"href":"https:\/\/www.labofine.com\/fr\/wp-json\/wp\/v2\/types\/page"}],"author":[{"embeddable":true,"href":"https:\/\/www.labofine.com\/fr\/wp-json\/wp\/v2\/users\/12"}],"replies":[{"embeddable":true,"href":"https:\/\/www.labofine.com\/fr\/wp-json\/wp\/v2\/comments?post=958"}],"version-history":[{"count":15,"href":"https:\/\/www.labofine.com\/fr\/wp-json\/wp\/v2\/pages\/958\/revisions"}],"predecessor-version":[{"id":1642,"href":"https:\/\/www.labofine.com\/fr\/wp-json\/wp\/v2\/pages\/958\/revisions\/1642"}],"up":[{"embeddable":true,"href":"https:\/\/www.labofine.com\/fr\/wp-json\/wp\/v2\/pages\/950"}],"wp:attachment":[{"href":"https:\/\/www.labofine.com\/fr\/wp-json\/wp\/v2\/media?parent=958"}],"curies":[{"name":"wp","href":"https:\/\/api.w.org\/{rel}","templated":true}]}}