{"id":960,"date":"2020-09-30T08:48:54","date_gmt":"2020-09-30T14:48:54","guid":{"rendered":"https:\/\/www.labofine.com\/?page_id=960"},"modified":"2021-04-14T14:34:09","modified_gmt":"2021-04-14T20:34:09","slug":"equipment","status":"publish","type":"page","link":"https:\/\/www.labofine.com\/fr\/equipment\/","title":{"rendered":"\u00c9quipement"},"content":{"rendered":"<h1>\n\t\tChangeable Supportive Title\n\t<\/h1>\n\t<div class=\"row\"><br \/><div class=\"col-sm-1\">\n\n<p><\/p><\/div><br \/><div class=\"col-sm-1\">\n<h3>Syst\u00e8me Quattro micro API Tandem Quadrupole LC\/MS\/MS de Waters<\/h3>\n<p>The Quattro microTM API overcomes these challenges in analytical LC\/MS\/MS: -Need for intelligently optimized systems -Pressure to meet increasing throughput targets -Necessity to rapidly cross-train analysts -Demand for better sensitivity and Limits of Quantification -Requirement to operate in a 21 CFR 11 environment Networked sample to knowledge converters like the Quattro micro API are a fusion of compact, intelligent mass analyzers and client\/server Mass-InformaticsTM operating within the global e-MSTM workspace. The Quattro micro API incorporates the finest high precision tandem quadrupole mass analyzer technology, with a m\/z range of 2 &#8211; 2000 as standard. Measuring only 1\/3 of the width of existing instruments, the Quattro micro API also saves significant linear bench space.<\/p>\n<p><\/p><\/div><br \/><\/div>\n<h1>\n\t\tNotre \u00e9quipement\n\t<\/h1>\n\t<h3>\u00c9tiquette : Nom de la machine, Num\u00e9ro de mod\u00e8le et Fournisseur\u00a0<\/h3>\n<h2>\n\t<\/h2>\n\t\t\t\t<img loading=\"lazy\" decoding=\"async\" src=\"https:\/\/www.labofine.com\/wp-content\/uploads\/2021\/04\/microscope-img.png\" alt=\"microscope img\" itemprop=\"image\" height=\"978\" width=\"472\" title=\"microscope img\" onerror=\"this.style.display='none'\"  \/>","protected":false},"excerpt":{"rendered":"<p>Changeable Supportive Title Our Equipment Label: Machine Name, Model Number, &amp; Supplier\u00a0<\/p>","protected":false},"author":12,"featured_media":0,"parent":0,"menu_order":0,"comment_status":"closed","ping_status":"closed","template":"","meta":{"footnotes":""},"yoast_head":"<!-- This site is optimized with the Yoast SEO plugin v22.7 - https:\/\/yoast.com\/wordpress\/plugins\/seo\/ -->\n<title>Equipment - Labofine<\/title>\n<meta name=\"robots\" content=\"index, follow, max-snippet:-1, max-image-preview:large, max-video-preview:-1\" \/>\n<link rel=\"canonical\" href=\"https:\/\/www.labofine.com\/fr\/equipment\/\" \/>\n<meta property=\"og:locale\" content=\"fr_CA\" \/>\n<meta property=\"og:type\" content=\"article\" \/>\n<meta property=\"og:title\" content=\"Equipment - Labofine\" \/>\n<meta property=\"og:description\" content=\"Changeable Supportive Title Our Equipment Label: Machine Name, Model Number, &amp; Supplier\u00a0\" \/>\n<meta property=\"og:url\" content=\"https:\/\/www.labofine.com\/fr\/equipment\/\" \/>\n<meta property=\"og:site_name\" content=\"Labofine\" \/>\n<meta property=\"article:modified_time\" content=\"2021-04-14T20:34:09+00:00\" \/>\n<meta property=\"og:image\" content=\"https:\/\/www.labofine.com\/wp-content\/uploads\/2021\/04\/microscope-img.png\" \/>\n<meta name=\"twitter:card\" content=\"summary_large_image\" \/>\n<meta name=\"twitter:label1\" content=\"Estimation du temps de lecture\" \/>\n\t<meta name=\"twitter:data1\" content=\"1 minute\" \/>\n<script type=\"application\/ld+json\" class=\"yoast-schema-graph\">{\"@context\":\"https:\/\/schema.org\",\"@graph\":[{\"@type\":\"WebPage\",\"@id\":\"https:\/\/www.labofine.com\/equipment\/\",\"url\":\"https:\/\/www.labofine.com\/equipment\/\",\"name\":\"Equipment - Labofine\",\"isPartOf\":{\"@id\":\"https:\/\/www.labofine.com\/#website\"},\"primaryImageOfPage\":{\"@id\":\"https:\/\/www.labofine.com\/equipment\/#primaryimage\"},\"image\":{\"@id\":\"https:\/\/www.labofine.com\/equipment\/#primaryimage\"},\"thumbnailUrl\":\"https:\/\/www.labofine.com\/wp-content\/uploads\/2021\/04\/microscope-img.png\",\"datePublished\":\"2020-09-30T14:48:54+00:00\",\"dateModified\":\"2021-04-14T20:34:09+00:00\",\"breadcrumb\":{\"@id\":\"https:\/\/www.labofine.com\/equipment\/#breadcrumb\"},\"inLanguage\":\"fr-CA\",\"potentialAction\":[{\"@type\":\"ReadAction\",\"target\":[\"https:\/\/www.labofine.com\/equipment\/\"]}]},{\"@type\":\"ImageObject\",\"inLanguage\":\"fr-CA\",\"@id\":\"https:\/\/www.labofine.com\/equipment\/#primaryimage\",\"url\":\"https:\/\/www.labofine.com\/wp-content\/uploads\/2021\/04\/microscope-img.png\",\"contentUrl\":\"https:\/\/www.labofine.com\/wp-content\/uploads\/2021\/04\/microscope-img.png\"},{\"@type\":\"BreadcrumbList\",\"@id\":\"https:\/\/www.labofine.com\/equipment\/#breadcrumb\",\"itemListElement\":[{\"@type\":\"ListItem\",\"position\":1,\"name\":\"Home\",\"item\":\"https:\/\/www.labofine.com\/\"},{\"@type\":\"ListItem\",\"position\":2,\"name\":\"Equipment\"}]},{\"@type\":\"WebSite\",\"@id\":\"https:\/\/www.labofine.com\/#website\",\"url\":\"https:\/\/www.labofine.com\/\",\"name\":\"Labofine\",\"description\":\"| A Tentamus Company\",\"potentialAction\":[{\"@type\":\"SearchAction\",\"target\":{\"@type\":\"EntryPoint\",\"urlTemplate\":\"https:\/\/www.labofine.com\/?s={search_term_string}\"},\"query-input\":\"required name=search_term_string\"}],\"inLanguage\":\"fr-CA\"}]}<\/script>\n<!-- \/ Yoast SEO plugin. -->","yoast_head_json":{"title":"Equipment - Labofine","robots":{"index":"index","follow":"follow","max-snippet":"max-snippet:-1","max-image-preview":"max-image-preview:large","max-video-preview":"max-video-preview:-1"},"canonical":"https:\/\/www.labofine.com\/fr\/equipment\/","og_locale":"fr_CA","og_type":"article","og_title":"Equipment - Labofine","og_description":"Changeable Supportive Title Our Equipment Label: Machine Name, Model Number, &amp; Supplier\u00a0","og_url":"https:\/\/www.labofine.com\/fr\/equipment\/","og_site_name":"Labofine","article_modified_time":"2021-04-14T20:34:09+00:00","og_image":[{"url":"https:\/\/www.labofine.com\/wp-content\/uploads\/2021\/04\/microscope-img.png"}],"twitter_card":"summary_large_image","twitter_misc":{"Estimation du temps de lecture":"1 minute"},"schema":{"@context":"https:\/\/schema.org","@graph":[{"@type":"WebPage","@id":"https:\/\/www.labofine.com\/equipment\/","url":"https:\/\/www.labofine.com\/equipment\/","name":"Equipment - Labofine","isPartOf":{"@id":"https:\/\/www.labofine.com\/#website"},"primaryImageOfPage":{"@id":"https:\/\/www.labofine.com\/equipment\/#primaryimage"},"image":{"@id":"https:\/\/www.labofine.com\/equipment\/#primaryimage"},"thumbnailUrl":"https:\/\/www.labofine.com\/wp-content\/uploads\/2021\/04\/microscope-img.png","datePublished":"2020-09-30T14:48:54+00:00","dateModified":"2021-04-14T20:34:09+00:00","breadcrumb":{"@id":"https:\/\/www.labofine.com\/equipment\/#breadcrumb"},"inLanguage":"fr-CA","potentialAction":[{"@type":"ReadAction","target":["https:\/\/www.labofine.com\/equipment\/"]}]},{"@type":"ImageObject","inLanguage":"fr-CA","@id":"https:\/\/www.labofine.com\/equipment\/#primaryimage","url":"https:\/\/www.labofine.com\/wp-content\/uploads\/2021\/04\/microscope-img.png","contentUrl":"https:\/\/www.labofine.com\/wp-content\/uploads\/2021\/04\/microscope-img.png"},{"@type":"BreadcrumbList","@id":"https:\/\/www.labofine.com\/equipment\/#breadcrumb","itemListElement":[{"@type":"ListItem","position":1,"name":"Home","item":"https:\/\/www.labofine.com\/"},{"@type":"ListItem","position":2,"name":"Equipment"}]},{"@type":"WebSite","@id":"https:\/\/www.labofine.com\/#website","url":"https:\/\/www.labofine.com\/","name":"Labofine","description":"| A Tentamus Company","potentialAction":[{"@type":"SearchAction","target":{"@type":"EntryPoint","urlTemplate":"https:\/\/www.labofine.com\/?s={search_term_string}"},"query-input":"required name=search_term_string"}],"inLanguage":"fr-CA"}]}},"_links":{"self":[{"href":"https:\/\/www.labofine.com\/fr\/wp-json\/wp\/v2\/pages\/960"}],"collection":[{"href":"https:\/\/www.labofine.com\/fr\/wp-json\/wp\/v2\/pages"}],"about":[{"href":"https:\/\/www.labofine.com\/fr\/wp-json\/wp\/v2\/types\/page"}],"author":[{"embeddable":true,"href":"https:\/\/www.labofine.com\/fr\/wp-json\/wp\/v2\/users\/12"}],"replies":[{"embeddable":true,"href":"https:\/\/www.labofine.com\/fr\/wp-json\/wp\/v2\/comments?post=960"}],"version-history":[{"count":11,"href":"https:\/\/www.labofine.com\/fr\/wp-json\/wp\/v2\/pages\/960\/revisions"}],"predecessor-version":[{"id":1242,"href":"https:\/\/www.labofine.com\/fr\/wp-json\/wp\/v2\/pages\/960\/revisions\/1242"}],"wp:attachment":[{"href":"https:\/\/www.labofine.com\/fr\/wp-json\/wp\/v2\/media?parent=960"}],"curies":[{"name":"wp","href":"https:\/\/api.w.org\/{rel}","templated":true}]}}